{"id":9333,"date":"2023-04-23T18:44:15","date_gmt":"2023-04-23T21:44:15","guid":{"rendered":"https:\/\/www.dvf.com.br\/public\/newsite\/?page_id=9333"},"modified":"2025-04-23T08:15:22","modified_gmt":"2025-04-23T11:15:22","slug":"pdf-programa-de-desenvolvimento-de-fornecedores","status":"publish","type":"page","link":"https:\/\/www.dvf.com.br\/public\/pdf-programa-de-desenvolvimento-de-fornecedores\/","title":{"rendered":"PDF &#8211; Programa de Desenvolvimento de Fornecedores"},"content":{"rendered":"<div class=\"wpb-content-wrapper\"><div class=\"vc-custom-col-spacing clearfix vc-col-spacing-30\"><section class=\"wpb_row vc_row-fluid row-content-position-Default\"><div class=\"bauer-container\"><div class=\"row-inner clearfix\"><div class=\"wpb_column vc_column_container vc_col-sm-12\"><div class=\"vc_column-inner\"><div class=\"wpb_wrapper\">\n\t\t\t<!-- START slidepdf REVOLUTION SLIDER 6.7.18 --><p class=\"rs-p-wp-fix\"><\/p>\n\t\t\t<rs-module-wrap id=\"rev_slider_7_1_wrapper\" data-source=\"gallery\" style=\"visibility:hidden;background:#212121;padding:0;margin:0px auto;margin-top:0;margin-bottom:0;background-image:url(https:\/\/enovathemes.com\/samatex\/wp-content\/uploads\/2018\/09\/slider_pattern_dark.png);background-repeat:repeat;background-size:normal;background-position:left top;\">\n\t\t\t\t<rs-module id=\"rev_slider_7_1\" class=\" rs-ov-hidden\" style=\"\" data-version=\"6.7.18\">\n\t\t\t\t\t<rs-slides style=\"overflow: hidden; position: absolute;\">\n\t\t\t\t\t\t<rs-slide style=\"position: absolute;\" data-key=\"rs-16\" data-title=\"Slide\" data-anim=\"adpr:false;ms:600;\" data-in=\"o:0;\" data-out=\"a:false;\">\n\t\t\t\t\t\t\t<img decoding=\"async\" src=\"\/\/www.dvf.com.br\/public\/wp-content\/plugins\/revslider\/sr6\/assets\/assets\/dummy.png\" alt=\"\" title=\"bg-pdf-1920&#215;550\" width=\"1920\" height=\"550\" class=\"rev-slidebg tp-rs-img rs-lazyload\" data-lazyload=\"\/\/www.dvf.com.br\/public\/wp-content\/uploads\/2023\/04\/bg-pdf-1920x550-1.jpg\" data-panzoom=\"d:20000;ss:100;se:110;\" data-no-retina>\n<!--\n\t\t\t\t\t\t\t--><rs-layer\n\t\t\t\t\t\t\t\tid=\"slider-7-slide-16-layer-4\" \n\t\t\t\t\t\t\t\tdata-type=\"text\"\n\t\t\t\t\t\t\t\tdata-color=\"#fff\"\n\t\t\t\t\t\t\t\tdata-rsp_ch=\"on\"\n\t\t\t\t\t\t\t\tdata-xy=\"xo:50px,42px,31px,19px;y:m;yo:-14px,-11px,-14px,-17px;\"\n\t\t\t\t\t\t\t\tdata-text=\"s:59,50,50,45;l:53,45,50,45;ls:-3,-2,-1,0;fw:100;a:inherit;\"\n\t\t\t\t\t\t\t\tdata-dim=\"minh:0,none,none,none;\"\n\t\t\t\t\t\t\t\tdata-basealign=\"slide\"\n\t\t\t\t\t\t\t\tdata-frame_0=\"y:30px,25px,18px,11px;\"\n\t\t\t\t\t\t\t\tdata-frame_1=\"e:easeOutExpo;st:1150;sp:600;sR:1150;\"\n\t\t\t\t\t\t\t\tdata-frame_999=\"o:0;st:w;sR:7250;\"\n\t\t\t\t\t\t\t\tstyle=\"z-index:8;font-family:'Roboto';\"\n\t\t\t\t\t\t\t>PDF \u2013 Programa de <br \/>Desenvolvimento de<br \/> Fornecedores\n<span class=\"font-weight-900\"><br \/><\/span>  \n\t\t\t\t\t\t\t<\/rs-layer><!--\n-->\t\t\t\t\t<\/rs-slide>\n\t\t\t\t\t<\/rs-slides>\n\t\t\t\t<\/rs-module>\n\t\t\t\t<script>\n\t\t\t\t\tsetREVStartSize({c: 'rev_slider_7_1',rl:[1240,1024,778,480],el:[320,360,480,480],gw:[1200, 1024,768,480],gh:[320,360,480,480],type:'standard',justify:'',layout:'fullwidth',mh:\"0\"});if (window.RS_MODULES!==undefined && window.RS_MODULES.modules!==undefined && window.RS_MODULES.modules[\"revslider71\"]!==undefined) {window.RS_MODULES.modules[\"revslider71\"].once = false;window.revapi7 = undefined;if (window.RS_MODULES.checkMinimal!==undefined) window.RS_MODULES.checkMinimal()}\n\t\t\t\t<\/script>\n\t\t\t<\/rs-module-wrap>\n\t\t\t<!-- END REVOLUTION SLIDER -->\n<\/div><\/div><\/div><\/div><\/div><\/section><\/div><div class=\"vc-custom-col-spacing clearfix vc-col-spacing-30\"><section class=\"wpb_row vc_row-fluid vc_custom_1682215344189 vc_row-has-fill row-content-position-Default\"><div class=\"bauer-container\"><div class=\"row-inner clearfix\"><div class=\"wpb_column vc_column_container vc_col-sm-12\"><div class=\"vc_column-inner\"><div class=\"wpb_wrapper\">\r\n\t<div class=\"bauer-spacer clearfix\" data-desktop=\"94\" data-mobi=\"60\" data-smobi=\"60\"><\/div><div class=\"bauer-content-box clearfix\" ><div class=\"vc-custom-col-inner-spacing clearfix vc-col-inner-spacing-30\"><div class=\"wpb_row vc_inner vc_row-fluid\"><div class=\"wpb_column vc_column_container vc_col-sm-4\"><div class=\"vc_column-inner\"><div class=\"wpb_wrapper\"><h2 class=\"bauer-text clearfix \" style=\"font-family:Roboto;font-weight:300;font-size:42px;line-height:50px;color:#727272;margin-bottom:30px;\"><p>Como construir e participar de um ambiente de <strong>neg\u00f3cios que gere valor<\/strong> para a <strong>sociedade?<\/strong><\/p>\n<\/h2><\/div><\/div><\/div><div class=\"wpb_column vc_column_container vc_col-sm-8\"><div class=\"vc_column-inner\"><div class=\"wpb_wrapper\"><div class=\"bauer-text clearfix \" style=\"font-family:Roboto;font-weight:300;font-size:20px;line-height:30px;color:#727272;margin-bottom:20px;max-width:750px;\"><p>Os desafios para o aumento da competividade em investimentos e opera\u00e7\u00e3o industrial por meio da cadeia de fornecedores locais est\u00e3o associados \u00e0:<\/p>\n<\/div><div class=\"bauer-text clearfix \" style=\"font-family:Roboto;font-weight:300;font-size:20px;line-height:30px;color:#727272;max-width:750px;\"><ul>\n<li>Dist\u00e2ncia entre os grandes projetos em instala\u00e7\u00e3o e opera\u00e7\u00e3o e as detentoras de tecnologia e empresas especializadas, geralmente localizadas em outros estados e pa\u00edses;<\/li>\n<\/ul>\n<\/div><div class=\"bauer-text clearfix \" style=\"font-family:Roboto;font-weight:300;font-size:20px;line-height:30px;color:#727272;max-width:750px;\"><ul>\n<li>Falta de prepara\u00e7\u00e3o e experi\u00eancia das empresas e trabalhadores locais diante \u00e0s demandas e requisitos de suprimentos, gerando poucas oportunidades;<\/li>\n<\/ul>\n<\/div><div class=\"bauer-text clearfix \" style=\"font-family:Roboto;font-weight:300;font-size:20px;line-height:30px;color:#727272;max-width:750px;\"><ul>\n<li>Hist\u00f3rico de riscos de problemas sociais como analfabetismos e bols\u00f5es de pobreza que n\u00e3o foram tratados previamente ao longo da instala\u00e7\u00e3o de grandes projetos no Brasil.<\/li>\n<\/ul>\n<\/div><\/div><\/div><\/div><\/div><\/div><\/div>\r\n\t<div class=\"bauer-spacer clearfix\" data-desktop=\"40\" data-mobi=\"20\" data-smobi=\"20\"><\/div><div class=\"bauer-divider divider-center divider-solid\" style=\"border-width:1px;border-top-color:#c2c2c2;\"><\/div><div class=\"clearfix\"><\/div>\r\n\t<div class=\"bauer-spacer clearfix\" data-desktop=\"100\" data-mobi=\"60\" data-smobi=\"60\"><\/div><\/div><\/div><\/div><\/div><\/div><\/section><\/div><div class=\"vc-custom-col-spacing clearfix vc-col-spacing-30\"><section class=\"wpb_row vc_row-fluid vc_custom_1685564833288 vc_row-has-fill row-content-position-middle\"><div class=\"bauer-container\"><div class=\"row-inner clearfix\"><div class=\"wpb_column vc_column_container vc_col-sm-6\"><div class=\"vc_column-inner\"><div class=\"wpb_wrapper\">\n\t<div  class=\"wpb_single_image wpb_content_element vc_align_left wpb_content_element\">\n\t\t\n\t\t<figure class=\"wpb_wrapper vc_figure\">\n\t\t\t<div class=\"vc_single_image-wrapper   vc_box_border_grey\"><img loading=\"lazy\" decoding=\"async\" width=\"1600\" height=\"1200\" src=\"https:\/\/www.dvf.com.br\/public\/wp-content\/uploads\/2023\/05\/pdf-objetivos-1600x1200-1.png\" class=\"vc_single_image-img attachment-full\" alt=\"\" title=\"\" srcset=\"https:\/\/www.dvf.com.br\/public\/wp-content\/uploads\/2023\/05\/pdf-objetivos-1600x1200-1.png 1600w, https:\/\/www.dvf.com.br\/public\/wp-content\/uploads\/2023\/05\/pdf-objetivos-1600x1200-1-300x225.png 300w, https:\/\/www.dvf.com.br\/public\/wp-content\/uploads\/2023\/05\/pdf-objetivos-1600x1200-1-1024x768.png 1024w, https:\/\/www.dvf.com.br\/public\/wp-content\/uploads\/2023\/05\/pdf-objetivos-1600x1200-1-768x576.png 768w, https:\/\/www.dvf.com.br\/public\/wp-content\/uploads\/2023\/05\/pdf-objetivos-1600x1200-1-1536x1152.png 1536w, https:\/\/www.dvf.com.br\/public\/wp-content\/uploads\/2023\/05\/pdf-objetivos-1600x1200-1-500x375.png 500w, https:\/\/www.dvf.com.br\/public\/wp-content\/uploads\/2023\/05\/pdf-objetivos-1600x1200-1-400x300.png 400w, https:\/\/www.dvf.com.br\/public\/wp-content\/uploads\/2023\/05\/pdf-objetivos-1600x1200-1-800x600.png 800w, https:\/\/www.dvf.com.br\/public\/wp-content\/uploads\/2023\/05\/pdf-objetivos-1600x1200-1-1200x900.png 1200w\" sizes=\"auto, (max-width: 1600px) 100vw, 1600px\" \/><\/div>\n\t\t<\/figure>\n\t<\/div>\n<\/div><\/div><\/div><div class=\"wpb_column vc_column_container vc_col-sm-6\"><div class=\"vc_column-inner\"><div class=\"wpb_wrapper\"><div class=\"bauer-text clearfix \" style=\"font-family:Roboto;font-weight:300;font-size:30px;line-height:40px;color:#727272;max-width:750px;\"><p>O principal objetivo do <strong>PDF<\/strong> \u00e9 <strong>acelerar<\/strong> <strong>o crescimento regional<\/strong> atrav\u00e9s da participa\u00e7\u00e3o das empresas locais nos grandes investimentos industriais nos setores como siderurgia, minera\u00e7\u00e3o, papel e celulose, energia, dentre outros.<\/p>\n<\/div><\/div><\/div><\/div><\/div><\/div><\/section><\/div><div class=\"vc-custom-col-spacing clearfix vc-col-spacing-30\"><section class=\"wpb_row vc_row-fluid has-scroll-arrow vc_custom_1683847556435 vc_row-has-fill row-content-position-Default\"><div class=\"bauer-container\"><div class=\"row-inner clearfix\"><div class=\"wpb_column vc_column_container vc_col-sm-12\"><div class=\"vc_column-inner\"><div class=\"wpb_wrapper\">\r\n\t<div class=\"bauer-spacer clearfix\" data-desktop=\"94\" data-mobi=\"60\" data-smobi=\"60\"><\/div><h2 class=\"bauer-text clearfix text-center\" style=\"font-weight:300;font-size:42px;line-height:50px;color:#727272;margin-bottom:30px;max-width:750px;margin-left: auto; margin-right: auto;\"><p><span>Quais s\u00e3o os <\/span><strong>benef\u00edcios?<\/strong><\/p>\n<\/h2>\r\n\t<div class=\"bauer-spacer clearfix\" data-desktop=\"40\" data-mobi=\"10\" data-smobi=\"10\"><\/div><\/div><\/div><\/div><\/div><\/div><\/section><\/div><div class=\"vc-custom-col-spacing clearfix vc-col-spacing-30\"><section class=\"wpb_row vc_row-fluid has-scroll-arrow vc_custom_1683847556435 vc_row-has-fill row-content-position-Default\"><div class=\"bauer-container\"><div class=\"row-inner clearfix\"><div class=\"wpb_column vc_column_container vc_col-sm-12\"><div class=\"vc_column-inner\"><div class=\"wpb_wrapper\"><div class=\"bauer-carousel-box arrow-style-1 arrow-center offset50 offset-v0 has-arrows arrow50\" data-auto=\"true\" data-loop=\"true\" data-gap=\"30\" data-column=\"2\" data-column2=\"2\" data-column3=\"1\">\r\n        <div class=\"owl-carousel owl-theme\"><div class=\"bauer-icon-box clearfix icon-left align-left  simple\" style=\"\" ><div class=\"wrap-inner\" style=\"position: relative;\"><div class=\"bauer-icon icon-964358811 custom custom\"  data-icon=\"#c2d200\" data-background=\"\" data-border=\"#c2d200\" data-icon-hover=\"#ffffff\" data-background-hover=\"#c2d200\">\r\n\t\t\t\t<span class=\"icon\" style=\"font-size:30px;width:70px;height:70px;border-style:solid;border-width:1px;border-radius:35px;line-height:72px;\"><i class=\"bauerico-building\"><\/i><\/span>\r\n\t\t\t<\/div> <h3 class=\"heading \" style=\"padding-left:85px;color:#727272;font-size:18px;margin-bottom:10px;font-family:Roboto;\">\r\n\t\t\t<span>Para empresas investidoras:<\/span>\r\n\t\t<\/h3><div class=\"desc\" style=\"padding-left:85px;font-weight:300;font-size:17px;line-height:25px;margin-bottom:10px;font-family:Roboto;\"><ul>\n<li>Desenvolvimento de fornecedores locais, melhoria da qualidade e redu\u00e7\u00e3o de custo;<\/li>\n<li>Aumento da qualifica\u00e7\u00e3o dos trabalhadores locais, com redu\u00e7\u00e3o da necessidade de atra\u00e7\u00e3o de profissionais de outras localidades;<\/li>\n<li>Maior participa\u00e7\u00e3o e representatividade na rela\u00e7\u00e3o com os p\u00fablicos externos que tratam do desenvolvimento regional.<\/li>\n<\/ul>\n<\/div> <\/div><\/div><div class=\"bauer-icon-box clearfix icon-left align-left  simple\" style=\"\" ><div class=\"wrap-inner\" style=\"position: relative;\"><div class=\"bauer-icon icon-805359895 custom custom\"  data-icon=\"#c2d200\" data-background=\"\" data-border=\"#c2d200\" data-icon-hover=\"#ffffff\" data-background-hover=\"#c2d200\">\r\n\t\t\t\t<span class=\"icon\" style=\"font-size:30px;width:70px;height:70px;border-style:solid;border-width:1px;border-radius:35px;line-height:72px;\"><i class=\"bauerico-bio\"><\/i><\/span>\r\n\t\t\t<\/div> <h3 class=\"heading \" style=\"padding-left:85px;color:#727272;font-size:18px;margin-bottom:10px;font-family:Roboto;\">\r\n\t\t\t<span>Para a sociedade:<\/span>\r\n\t\t<\/h3><div class=\"desc\" style=\"padding-left:85px;font-weight:300;font-size:17px;line-height:25px;margin-bottom:10px;font-family:Roboto;\"><ul>\n<li>Comprometimento e engajamento no processo de desenvolvimento sustent\u00e1vel da regi\u00e3o;<\/li>\n<li>Desenvolvimento profissional e empresarial;<\/li>\n<li>Incentivo ao empreendedorismo e surgimento de neg\u00f3cios inovadores.<\/li>\n<\/ul>\n<\/div> <\/div><\/div><div class=\"bauer-icon-box clearfix icon-left align-left  simple\" style=\"\" ><div class=\"wrap-inner\" style=\"position: relative;\"><div class=\"bauer-icon icon-1718013600 custom custom\"  data-icon=\"#c2d200\" data-background=\"\" data-border=\"#c2d200\" data-icon-hover=\"#ffffff\" data-background-hover=\"#c2d200\">\r\n\t\t\t\t<span class=\"icon\" style=\"font-size:30px;width:70px;height:70px;border-style:solid;border-width:1px;border-radius:35px;line-height:72px;\"><i class=\"elegant-icon_cog\"><\/i><\/span>\r\n\t\t\t<\/div> <h3 class=\"heading \" style=\"padding-left:85px;color:#727272;font-size:18px;margin-bottom:10px;font-family:Roboto;\">\r\n\t\t\t<span>Para o poder p\u00fablico:<\/span>\r\n\t\t<\/h3><div class=\"desc\" style=\"padding-left:85px;font-weight:300;font-size:17px;line-height:25px;margin-bottom:10px;font-family:Roboto;\"><ul>\n<li>Refor\u00e7o no di\u00e1logo participativo e direto entre estado e munic\u00edpios;<\/li>\n<li>Ac\u00famulo de dados e informa\u00e7\u00f5es que proporcionam seguran\u00e7a para tomada de decis\u00f5es e busca por novos investidores;<\/li>\n<li>Maior articula\u00e7\u00e3o entre o poder p\u00fablico e empresas.<\/li>\n<\/ul>\n<\/div> <\/div><\/div><\/div>\r\n\t<\/div>\r\n\t<div class=\"bauer-spacer clearfix\" data-desktop=\"94\" data-mobi=\"60\" data-smobi=\"60\"><\/div><\/div><\/div><\/div><\/div><\/div><\/section><\/div><div class=\"vc-custom-col-spacing clearfix vc-col-spacing-30\"><section class=\"wpb_row vc_row-fluid has-scroll-arrow row-content-position-Default\"><div class=\"bauer-container\"><div class=\"row-inner clearfix\"><div class=\"wpb_column vc_column_container vc_col-sm-12\"><div class=\"vc_column-inner\"><div class=\"wpb_wrapper\">\r\n\t<div class=\"bauer-spacer clearfix\" data-desktop=\"94\" data-mobi=\"60\" data-smobi=\"60\"><\/div><h2 class=\"bauer-text clearfix text-center\" style=\"font-weight:300;font-size:42px;line-height:50px;color:#727272;margin-bottom:30px;max-width:750px;margin-left: auto; margin-right: auto;\"><p><span>Como \u00e9<\/span> feito?<\/p>\n<\/h2>\r\n\t<div class=\"bauer-spacer clearfix\" data-desktop=\"40\" data-mobi=\"10\" data-smobi=\"10\"><\/div><div class=\"bauer-content-box clearfix\" ><div class=\"vc-custom-col-inner-spacing clearfix vc-col-inner-spacing-30\"><div class=\"wpb_row vc_inner vc_row-fluid\"><div class=\"wpb_column vc_column_container vc_col-sm-12\"><div class=\"vc_column-inner\"><div class=\"wpb_wrapper\"><div class=\"bauer-step-box \"><div class=\"step-wrap clearfix\"><div class=\"number-box col-3\" style=\"\"><div class=\"text-item\"><div class=\"number\">1<\/div><h3 class=\"heading\" style=\"\">Capacita\u00e7\u00e3o e Certifica\u00e7\u00e3o<\/h3><div class=\"desc\" style=\"\">\u00c9 essencial que o fornecedor local esteja capacitado para competir com efici\u00eancia, mediante a prepara\u00e7\u00e3o dos dirigentes, dos profissionais que atuar\u00e3o nas frentes de trabalho e das empresas.<\/div><\/div><\/div><div class=\"number-box col-3\" style=\"\"><div class=\"text-item\"><div class=\"number\">2<\/div><h3 class=\"heading\" style=\"\">Promo\u00e7\u00e3o e Divulga\u00e7\u00e3o<\/h3><div class=\"desc\" style=\"\">Estrutura\u00e7\u00e3o de informa\u00e7\u00f5es que ser\u00e3o disponibilizadas para as empresas, autoridades, entidades de classe e  \u00f3rg\u00e3os de fomento.<\/div><\/div><\/div><div class=\"number-box col-3\" style=\"last\"><div class=\"text-item\"><div class=\"number\">3<\/div><h3 class=\"heading\" style=\"\">Assessoria aos Neg\u00f3cios<\/h3><div class=\"desc\" style=\"\">Atua\u00e7\u00e3o para abrir \u00e0s empresas locais novos mercados, buscando a viabiliza\u00e7\u00e3o de novos neg\u00f3cios.<\/div><\/div><\/div><\/div><\/div><\/div><\/div><\/div><\/div><\/div><\/div>\r\n\t<div class=\"bauer-spacer clearfix\" data-desktop=\"100\" data-mobi=\"60\" data-smobi=\"60\"><\/div><\/div><\/div><\/div><\/div><\/div><\/section><\/div><div class=\"vc-custom-col-spacing clearfix vc-col-spacing-30\"><section class=\"wpb_row vc_row-fluid has-scroll-arrow vc_custom_1683847556435 vc_row-has-fill row-content-position-Default\"><div class=\"bauer-container\"><div class=\"row-inner clearfix\"><div class=\"wpb_column vc_column_container vc_col-sm-12\"><div class=\"vc_column-inner\"><div class=\"wpb_wrapper\">\r\n\t<div class=\"bauer-spacer clearfix\" data-desktop=\"94\" data-mobi=\"60\" data-smobi=\"60\"><\/div><h2 class=\"bauer-text clearfix text-center\" style=\"font-weight:300;font-size:42px;line-height:50px;color:#727272;margin-bottom:30px;max-width:750px;margin-left: auto; margin-right: auto;\"><p><span>Conhe\u00e7a outras<\/span><strong> solu\u00e7\u00f5es<\/strong><\/p>\n<\/h2>\r\n\t<div class=\"bauer-spacer clearfix\" data-desktop=\"40\" data-mobi=\"10\" data-smobi=\"10\"><\/div><div class=\"bauer-content-box clearfix\" ><div class=\"vc-custom-col-inner-spacing clearfix vc-col-inner-spacing-30\"><div class=\"wpb_row vc_inner vc_row-fluid\"><div class=\"wpb_column vc_column_container vc_col-sm-4\"><div class=\"vc_column-inner\"><div class=\"wpb_wrapper\"><div class=\"bauer-image-box clearfix style-2 text-center\" style=\"\" >\r\n        <div class=\"item\">\r\n            <div class=\"inner\">\r\n                <div class=\"thumb\" style=\"\"><img loading=\"lazy\" decoding=\"async\" width=\"450\" height=\"550\" src=\"https:\/\/www.dvf.com.br\/public\/wp-content\/uploads\/2023\/05\/procem-450x550-w.png\" class=\"attachment-full size-full\" alt=\"\" srcset=\"https:\/\/www.dvf.com.br\/public\/wp-content\/uploads\/2023\/05\/procem-450x550-w.png 450w, https:\/\/www.dvf.com.br\/public\/wp-content\/uploads\/2023\/05\/procem-450x550-w-245x300.png 245w\" sizes=\"auto, (max-width: 450px) 100vw, 450px\" \/> <\/div>\r\n                <div class=\"text-wrap \" style=\"\">\r\n                     <div class=\"desc\" style=\"font-weight:300;font-size:18px;line-height:23px;margin-bottom:27px;font-family:Roboto;\">O programa \u00e9 respons\u00e1vel pelo desenvolvimento sist\u00eamico e estruturado de uma gest\u00e3o profissional.<\/div> <div class=\"url-wrap\">\r\n            <a href=\"https:\/\/www.dvf.com.br\/public\/procem\/\" target=\"_self\" class=\"bauer-links link-style-2 accent\" style=\"\">\r\n                <span class=\"text\">Saiba mais<\/span>\r\n            <\/a>\r\n        <\/div>\r\n                <\/div>\r\n                \r\n            <\/div>\r\n        <\/div>\r\n    <\/div>\r\n\t<div class=\"bauer-spacer clearfix\" data-desktop=\"0\" data-mobi=\"30\" data-smobi=\"30\"><\/div><\/div><\/div><\/div><div class=\"wpb_column vc_column_container vc_col-sm-4\"><div class=\"vc_column-inner\"><div class=\"wpb_wrapper\"><div class=\"bauer-image-box clearfix style-2 text-center\" style=\"\" >\r\n        <div class=\"item\">\r\n            <div class=\"inner\">\r\n                <div class=\"thumb\" style=\"\"><img loading=\"lazy\" decoding=\"async\" width=\"450\" height=\"550\" src=\"https:\/\/www.dvf.com.br\/public\/wp-content\/uploads\/2023\/05\/edone-450x550-w.png\" class=\"attachment-full size-full\" alt=\"\" srcset=\"https:\/\/www.dvf.com.br\/public\/wp-content\/uploads\/2023\/05\/edone-450x550-w.png 450w, https:\/\/www.dvf.com.br\/public\/wp-content\/uploads\/2023\/05\/edone-450x550-w-245x300.png 245w\" sizes=\"auto, (max-width: 450px) 100vw, 450px\" \/> <\/div>\r\n                <div class=\"text-wrap \" style=\"\">\r\n                     <div class=\"desc\" style=\"font-weight:300;font-size:18px;line-height:23px;margin-bottom:27px;font-family:Roboto;\">O programa faz uma an\u00e1lise da capacidade e potencial de fornecimento de uma regi\u00e3o, atrav\u00e9s de estudos socioecon\u00f4micos.<\/div> <div class=\"url-wrap\">\r\n            <a href=\"https:\/\/www.dvf.com.br\/public\/estrategicas-desenvolvimento-oportunidades\/\" target=\"_self\" class=\"bauer-links link-style-2 accent\" style=\"\">\r\n                <span class=\"text\">Saiba mais<\/span>\r\n            <\/a>\r\n        <\/div>\r\n                <\/div>\r\n                \r\n            <\/div>\r\n        <\/div>\r\n    <\/div>\r\n\t<div class=\"bauer-spacer clearfix\" data-desktop=\"0\" data-mobi=\"30\" data-smobi=\"30\"><\/div><\/div><\/div><\/div><div class=\"wpb_column vc_column_container vc_col-sm-4\"><div class=\"vc_column-inner\"><div class=\"wpb_wrapper\"><div class=\"bauer-image-box clearfix style-2 text-center\" style=\"\" >\r\n        <div class=\"item\">\r\n            <div class=\"inner\">\r\n                <div class=\"thumb\" style=\"\"><img loading=\"lazy\" decoding=\"async\" width=\"450\" height=\"550\" src=\"https:\/\/www.dvf.com.br\/public\/wp-content\/uploads\/2023\/05\/aen-450x550-w.png\" class=\"attachment-full size-full\" alt=\"\" srcset=\"https:\/\/www.dvf.com.br\/public\/wp-content\/uploads\/2023\/05\/aen-450x550-w.png 450w, https:\/\/www.dvf.com.br\/public\/wp-content\/uploads\/2023\/05\/aen-450x550-w-245x300.png 245w\" sizes=\"auto, (max-width: 450px) 100vw, 450px\" \/> <\/div>\r\n                <div class=\"text-wrap \" style=\"\">\r\n                     <div class=\"desc\" style=\"font-weight:300;font-size:18px;line-height:23px;margin-bottom:27px;font-family:Roboto;\">Tem por objetivo o Planejamento Estrat\u00e9gico, Diagn\u00f3sticos Empresariais, e Assessoria Institucional.<\/div> <div class=\"url-wrap\">\r\n            <a href=\"https:\/\/www.dvf.com.br\/public\/aplicacao-estrategica-ao-negocio\/\" target=\"_self\" class=\"bauer-links link-style-2 accent\" style=\"\">\r\n                <span class=\"text\">Saiba mais<\/span>\r\n            <\/a>\r\n        <\/div>\r\n                <\/div>\r\n                \r\n            <\/div>\r\n        <\/div>\r\n    <\/div><\/div><\/div><\/div><\/div><\/div><\/div>\r\n\t<div class=\"bauer-spacer clearfix\" data-desktop=\"100\" data-mobi=\"60\" data-smobi=\"60\"><\/div><\/div><\/div><\/div><\/div><\/div><\/section><\/div>\n<\/div>","protected":false},"excerpt":{"rendered":"PDF \u2013 Programa de Desenvolvimento de Fornecedores Como construir e participar de um ambiente de neg\u00f3cios que gere valor para a sociedade? Os desafios para o aumento da competividade em investimentos e opera\u00e7\u00e3o industrial por meio da cadeia de fornecedores locais est\u00e3o associados \u00e0: Dist\u00e2ncia entre os grandes projetos em instala\u00e7\u00e3o e opera\u00e7\u00e3o e as detentoras de tecnologia e empresas especializadas, geralmente localizadas em outros estados e pa\u00edses; Falta de prepara\u00e7\u00e3o e experi\u00eancia das empresas e trabalhadores locais diante \u00e0s demandas e requisitos de suprimentos, gerando poucas oportunidades; Hist\u00f3rico de riscos de problemas sociais como analfabetismos e bols\u00f5es de pobreza que n\u00e3o foram tratados previamente ao longo da instala\u00e7\u00e3o de grandes projetos no Brasil. O principal objetivo do PDF \u00e9 acelerar o crescimento regional atrav\u00e9s da participa\u00e7\u00e3o das empresas locais nos grandes investimentos industriais nos setores como siderurgia, minera\u00e7\u00e3o, papel e celulose, energia, dentre outros. Quais s\u00e3o os benef\u00edcios? Para empresas investidoras: Desenvolvimento de fornecedores locais, melhoria da qualidade e redu\u00e7\u00e3o de custo; Aumento da qualifica\u00e7\u00e3o dos trabalhadores locais, com redu\u00e7\u00e3o da necessidade de atra\u00e7\u00e3o de profissionais de outras localidades;","protected":false},"author":1,"featured_media":0,"parent":0,"menu_order":0,"comment_status":"closed","ping_status":"closed","template":"","meta":{"om_disable_all_campaigns":false,"_monsterinsights_skip_tracking":false,"_monsterinsights_sitenote_active":false,"_monsterinsights_sitenote_note":"","_monsterinsights_sitenote_category":0,"_uf_show_specific_survey":0,"_uf_disable_surveys":false,"footnotes":""},"class_list":["post-9333","page","type-page","status-publish","hentry"],"_links":{"self":[{"href":"https:\/\/www.dvf.com.br\/public\/wp-json\/wp\/v2\/pages\/9333","targetHints":{"allow":["GET"]}}],"collection":[{"href":"https:\/\/www.dvf.com.br\/public\/wp-json\/wp\/v2\/pages"}],"about":[{"href":"https:\/\/www.dvf.com.br\/public\/wp-json\/wp\/v2\/types\/page"}],"author":[{"embeddable":true,"href":"https:\/\/www.dvf.com.br\/public\/wp-json\/wp\/v2\/users\/1"}],"replies":[{"embeddable":true,"href":"https:\/\/www.dvf.com.br\/public\/wp-json\/wp\/v2\/comments?post=9333"}],"version-history":[{"count":76,"href":"https:\/\/www.dvf.com.br\/public\/wp-json\/wp\/v2\/pages\/9333\/revisions"}],"predecessor-version":[{"id":10200,"href":"https:\/\/www.dvf.com.br\/public\/wp-json\/wp\/v2\/pages\/9333\/revisions\/10200"}],"wp:attachment":[{"href":"https:\/\/www.dvf.com.br\/public\/wp-json\/wp\/v2\/media?parent=9333"}],"curies":[{"name":"wp","href":"https:\/\/api.w.org\/{rel}","templated":true}]}}