{"id":9538,"date":"2023-04-25T20:25:29","date_gmt":"2023-04-25T23:25:29","guid":{"rendered":"https:\/\/www.dvf.com.br\/public\/newsite\/?page_id=9538"},"modified":"2025-04-23T08:11:41","modified_gmt":"2025-04-23T11:11:41","slug":"estrategicas-desenvolvimento-oportunidades","status":"publish","type":"page","link":"https:\/\/www.dvf.com.br\/public\/estrategicas-desenvolvimento-oportunidades\/","title":{"rendered":"Estrat\u00e9gias para o Desenvolvimento de Oportunidades de Neg\u00f3cios e Empregos"},"content":{"rendered":"<div class=\"wpb-content-wrapper\"><div class=\"vc-custom-col-spacing clearfix vc-col-spacing-30\"><section class=\"wpb_row vc_row-fluid row-content-position-Default\"><div class=\"bauer-container\"><div class=\"row-inner clearfix\"><div class=\"wpb_column vc_column_container vc_col-sm-12\"><div class=\"vc_column-inner\"><div class=\"wpb_wrapper\">\n\t\t\t<!-- START slideesr REVOLUTION SLIDER 6.7.18 --><p class=\"rs-p-wp-fix\"><\/p>\n\t\t\t<rs-module-wrap id=\"rev_slider_8_1_wrapper\" data-source=\"gallery\" style=\"visibility:hidden;background:#212121;padding:0;margin:0px auto;margin-top:0;margin-bottom:0;background-image:url(https:\/\/enovathemes.com\/samatex\/wp-content\/uploads\/2018\/09\/slider_pattern_dark.png);background-repeat:repeat;background-size:normal;background-position:left top;\">\n\t\t\t\t<rs-module id=\"rev_slider_8_1\" class=\" rs-ov-hidden\" style=\"\" data-version=\"6.7.18\">\n\t\t\t\t\t<rs-slides style=\"overflow: hidden; position: absolute;\">\n\t\t\t\t\t\t<rs-slide style=\"position: absolute;\" data-key=\"rs-17\" data-title=\"Slide\" data-anim=\"adpr:false;ms:600;\" data-in=\"o:0;\" data-out=\"a:false;\">\n\t\t\t\t\t\t\t<img decoding=\"async\" src=\"\/\/www.dvf.com.br\/public\/wp-content\/plugins\/revslider\/sr6\/assets\/assets\/dummy.png\" alt=\"\" title=\"bg-esr-1920&#215;550\" width=\"1920\" height=\"550\" class=\"rev-slidebg tp-rs-img rs-lazyload\" data-lazyload=\"\/\/www.dvf.com.br\/public\/wp-content\/uploads\/2023\/04\/bg-esr-1920x550-1.jpg\" data-panzoom=\"d:20000;ss:100;se:110;\" data-no-retina>\n<!--\n\t\t\t\t\t\t\t--><rs-layer\n\t\t\t\t\t\t\t\tid=\"slider-8-slide-17-layer-4\" \n\t\t\t\t\t\t\t\tdata-type=\"text\"\n\t\t\t\t\t\t\t\tdata-color=\"#fff\"\n\t\t\t\t\t\t\t\tdata-rsp_ch=\"on\"\n\t\t\t\t\t\t\t\tdata-xy=\"xo:0,0,0,22px;y:m;yo:-14px,-11px,-8px,-5px;\"\n\t\t\t\t\t\t\t\tdata-text=\"s:50,42,50,35;l:50,42,50,35;ls:-3,-2,-1,0;fw:100;a:inherit;\"\n\t\t\t\t\t\t\t\tdata-dim=\"w:auto,auto,auto,738%;minh:0,none,none,none;\"\n\t\t\t\t\t\t\t\tdata-frame_0=\"y:30px,25px,18px,8px;\"\n\t\t\t\t\t\t\t\tdata-frame_1=\"e:easeOutExpo;st:1150;sp:600;sR:1150;\"\n\t\t\t\t\t\t\t\tdata-frame_999=\"o:0;st:w;sR:7250;\"\n\t\t\t\t\t\t\t\tstyle=\"z-index:8;font-family:'Roboto';\"\n\t\t\t\t\t\t\t>Estrat\u00e9gias para o <br \/>   Desenvolvimento de  <br \/>Oportunidades de Neg\u00f3cios <br \/> e  Empregos\n<span class=\"font-weight-900\"><br \/><\/span>  \n\t\t\t\t\t\t\t<\/rs-layer><!--\n-->\t\t\t\t\t<\/rs-slide>\n\t\t\t\t\t<\/rs-slides>\n\t\t\t\t<\/rs-module>\n\t\t\t\t<script>\n\t\t\t\t\tsetREVStartSize({c: 'rev_slider_8_1',rl:[1240,1024,778,480],el:[320,360,480,480],gw:[1200, 1024,768,480],gh:[320,360,480,480],type:'standard',justify:'',layout:'fullwidth',mh:\"0\"});if (window.RS_MODULES!==undefined && window.RS_MODULES.modules!==undefined && window.RS_MODULES.modules[\"revslider81\"]!==undefined) {window.RS_MODULES.modules[\"revslider81\"].once = false;window.revapi8 = undefined;if (window.RS_MODULES.checkMinimal!==undefined) window.RS_MODULES.checkMinimal()}\n\t\t\t\t<\/script>\n\t\t\t<\/rs-module-wrap>\n\t\t\t<!-- END REVOLUTION SLIDER -->\n<\/div><\/div><\/div><\/div><\/div><\/section><\/div><div class=\"vc-custom-col-spacing clearfix vc-col-spacing-30\"><section class=\"wpb_row vc_row-fluid vc_custom_1682215344189 vc_row-has-fill row-content-position-Default\"><div class=\"bauer-container\"><div class=\"row-inner clearfix\"><div class=\"wpb_column vc_column_container vc_col-sm-12\"><div class=\"vc_column-inner\"><div class=\"wpb_wrapper\">\r\n\t<div class=\"bauer-spacer clearfix\" data-desktop=\"94\" data-mobi=\"60\" data-smobi=\"60\"><\/div><div class=\"bauer-content-box clearfix\" ><div class=\"vc-custom-col-inner-spacing clearfix vc-col-inner-spacing-30\"><div class=\"wpb_row vc_inner vc_row-fluid\"><div class=\"wpb_column vc_column_container vc_col-sm-6\"><div class=\"vc_column-inner\"><div class=\"wpb_wrapper\"><div class=\"bauer-text clearfix \" style=\"font-family:Roboto;font-weight:300;font-size:30px;line-height:45px;color:#727272;max-width:750px;\"><p>Promover o crescimento econ\u00f4mico inclusivo e sustent\u00e1vel, o emprego pleno e produtivo e o trabalho digno para todos \u00e9 tarefa de institui\u00e7\u00f5es p\u00fablicas, da popula\u00e7\u00e3o local, de lideran\u00e7as empres\u00e1rias, de institui\u00e7\u00f5es de qualifica\u00e7\u00e3o e fomento e de grandes projetos em implanta\u00e7\u00e3o e opera\u00e7\u00e3o.<\/p>\n<\/div>\r\n\t<div class=\"bauer-spacer clearfix\" data-desktop=\"20\" data-mobi=\"10\" data-smobi=\"10\"><\/div><\/div><\/div><\/div><div class=\"wpb_column vc_column_container vc_col-sm-6\"><div class=\"vc_column-inner\"><div class=\"wpb_wrapper\">\n\t<div  class=\"wpb_single_image wpb_content_element vc_align_left wpb_content_element\">\n\t\t\n\t\t<figure class=\"wpb_wrapper vc_figure\">\n\t\t\t<div class=\"vc_single_image-wrapper   vc_box_border_grey\"><img loading=\"lazy\" decoding=\"async\" width=\"800\" height=\"600\" src=\"https:\/\/www.dvf.com.br\/public\/wp-content\/uploads\/2023\/05\/servico-800x600-esr.png\" class=\"vc_single_image-img attachment-full\" alt=\"\" title=\"\" srcset=\"https:\/\/www.dvf.com.br\/public\/wp-content\/uploads\/2023\/05\/servico-800x600-esr.png 800w, https:\/\/www.dvf.com.br\/public\/wp-content\/uploads\/2023\/05\/servico-800x600-esr-300x225.png 300w, https:\/\/www.dvf.com.br\/public\/wp-content\/uploads\/2023\/05\/servico-800x600-esr-768x576.png 768w, https:\/\/www.dvf.com.br\/public\/wp-content\/uploads\/2023\/05\/servico-800x600-esr-640x480.png 640w, https:\/\/www.dvf.com.br\/public\/wp-content\/uploads\/2023\/05\/servico-800x600-esr-480x360.png 480w, https:\/\/www.dvf.com.br\/public\/wp-content\/uploads\/2023\/05\/servico-800x600-esr-600x450.png 600w\" sizes=\"auto, (max-width: 800px) 100vw, 800px\" \/><\/div>\n\t\t<\/figure>\n\t<\/div>\n<\/div><\/div><\/div><\/div><\/div><\/div>\r\n\t<div class=\"bauer-spacer clearfix\" data-desktop=\"90\" data-mobi=\"20\" data-smobi=\"20\"><\/div><\/div><\/div><\/div><\/div><\/div><\/section><\/div><div class=\"vc-custom-col-spacing clearfix vc-col-spacing-30\"><section class=\"wpb_row vc_row-fluid has-scroll-arrow vc_custom_1683847556435 vc_row-has-fill row-content-position-Default\"><div class=\"bauer-container\"><div class=\"row-inner clearfix\"><div class=\"wpb_column vc_column_container vc_col-sm-12\"><div class=\"vc_column-inner\"><div class=\"wpb_wrapper\">\r\n\t<div class=\"bauer-spacer clearfix\" data-desktop=\"94\" data-mobi=\"60\" data-smobi=\"60\"><\/div><h2 class=\"bauer-text clearfix text-center\" style=\"font-weight:300;font-size:42px;line-height:50px;color:#727272;margin-bottom:30px;max-width:750px;margin-left: auto; margin-right: auto;\"><p>Nesse sentido a DVF est\u00e1 preparada para:<\/p>\n<\/h2>\r\n\t<div class=\"bauer-spacer clearfix\" data-desktop=\"40\" data-mobi=\"10\" data-smobi=\"10\"><\/div><\/div><\/div><\/div><\/div><\/div><\/section><\/div><div class=\"vc-custom-col-spacing clearfix vc-col-spacing-30\"><section class=\"wpb_row vc_row-fluid has-scroll-arrow vc_custom_1683847556435 vc_row-has-fill row-content-position-Default\"><div class=\"bauer-container\"><div class=\"row-inner clearfix\"><div class=\"wpb_column vc_column_container vc_col-sm-12\"><div class=\"vc_column-inner\"><div class=\"wpb_wrapper\"><div class=\"bauer-carousel-box arrow-style-1 arrow-center offset50 offset-v0 has-arrows arrow50\" data-auto=\"true\" data-loop=\"true\" data-gap=\"30\" data-column=\"2\" data-column2=\"2\" data-column3=\"1\">\r\n        <div class=\"owl-carousel owl-theme\"><div class=\"bauer-icon-box clearfix icon-left align-left  simple\" style=\"\" ><div class=\"wrap-inner\" style=\"position: relative;\"><div class=\"bauer-icon icon-1758193558 custom custom\"  data-icon=\"#c2d200\" data-background=\"\" data-border=\"#c2d200\" data-icon-hover=\"#ffffff\" data-background-hover=\"#c2d200\">\r\n\t\t\t\t<span class=\"icon\" style=\"font-size:30px;width:70px;height:70px;border-style:solid;border-width:1px;border-radius:35px;line-height:72px;\"><i class=\"bauerico-building\"><\/i><\/span>\r\n\t\t\t<\/div> <h3 class=\"heading \" style=\"padding-left:85px;color:#727272;font-size:18px;margin-bottom:10px;font-family:Roboto;\">\r\n\t\t\t<span>Desenvolvimento regional<\/span>\r\n\t\t<\/h3><div class=\"desc\" style=\"padding-left:85px;font-weight:300;font-size:17px;line-height:25px;margin-bottom:10px;font-family:Roboto;\"><ul>\n<li>Identifica\u00e7\u00e3o dos investimentos e opera\u00e7\u00e3o industrial;<\/li>\n<li>Articula\u00e7\u00e3o com institui\u00e7\u00f5es p\u00fablicas, lideran\u00e7as empres\u00e1rias, de institui\u00e7\u00f5es de qualifica\u00e7\u00e3o e fomento;<\/li>\n<li>Constru\u00e7\u00e3o da inst\u00e2ncia de governan\u00e7a e coordena\u00e7\u00e3o das atividades;<\/li>\n<li>Elabora\u00e7\u00e3o e implanta\u00e7\u00e3o de a\u00e7\u00f5es coordenadas.<\/li>\n<\/ul>\n<\/div> <\/div><\/div><div class=\"bauer-icon-box clearfix icon-left align-left  simple\" style=\"\" ><div class=\"wrap-inner\" style=\"position: relative;\"><div class=\"bauer-icon icon-2099791305 custom custom\"  data-icon=\"#c2d200\" data-background=\"\" data-border=\"#c2d200\" data-icon-hover=\"#ffffff\" data-background-hover=\"#c2d200\">\r\n\t\t\t\t<span class=\"icon\" style=\"font-size:30px;width:70px;height:70px;border-style:solid;border-width:1px;border-radius:35px;line-height:72px;\"><i class=\"basicui-bluetooth\"><\/i><\/span>\r\n\t\t\t<\/div> <h3 class=\"heading \" style=\"padding-left:85px;color:#727272;font-size:18px;margin-bottom:10px;font-family:Roboto;\">\r\n\t\t\t<span>Atra\u00e7\u00e3o de fornecedores e detentores de tecnologia<\/span>\r\n\t\t<\/h3><div class=\"desc\" style=\"padding-left:85px;font-weight:300;font-size:17px;line-height:25px;margin-bottom:10px;font-family:Roboto;\"><ul>\n<li>Identifica\u00e7\u00e3o das oportunidades de fornecimento local;<\/li>\n<li>Levantamento de fornecedores especializados;<\/li>\n<li>Defini\u00e7\u00e3o e acompanhamento das solu\u00e7\u00f5es.<\/li>\n<\/ul>\n<\/div> <\/div><\/div><div class=\"bauer-icon-box clearfix icon-left align-left  simple\" style=\"\" ><div class=\"wrap-inner\" style=\"position: relative;\"><div class=\"bauer-icon icon-621245873 custom custom\"  data-icon=\"#c2d200\" data-background=\"\" data-border=\"#c2d200\" data-icon-hover=\"#ffffff\" data-background-hover=\"#c2d200\">\r\n\t\t\t\t<span class=\"icon\" style=\"font-size:30px;width:70px;height:70px;border-style:solid;border-width:1px;border-radius:35px;line-height:72px;\"><i class=\"basicui-layout\"><\/i><\/span>\r\n\t\t\t<\/div> <h3 class=\"heading \" style=\"padding-left:85px;color:#727272;font-size:18px;margin-bottom:10px;font-family:Roboto;\">\r\n\t\t\t<span>Diversifica\u00e7\u00e3o econ\u00f4mica<\/span>\r\n\t\t<\/h3><div class=\"desc\" style=\"padding-left:85px;font-weight:300;font-size:17px;line-height:25px;margin-bottom:10px;font-family:Roboto;\"><ul>\n<li>Levantamento das ofertas e demandas nas cadeias produtivas existentes;<\/li>\n<li>Avalia\u00e7\u00e3o dos potenciais neg\u00f3cios e empreendedores;<\/li>\n<li>Defini\u00e7\u00e3o de a\u00e7\u00f5es;<\/li>\n<li>Implanta\u00e7\u00e3o, acompanhamento e avalia\u00e7\u00e3o dos impactos.<\/li>\n<\/ul>\n<\/div> <\/div><\/div><div class=\"bauer-icon-box clearfix icon-left align-left  simple\" style=\"\" ><div class=\"wrap-inner\" style=\"position: relative;\"><div class=\"bauer-icon icon-1215700970 custom custom\"  data-icon=\"#c2d200\" data-background=\"\" data-border=\"#c2d200\" data-icon-hover=\"#ffffff\" data-background-hover=\"#c2d200\">\r\n\t\t\t\t<span class=\"icon\" style=\"font-size:30px;width:70px;height:70px;border-style:solid;border-width:1px;border-radius:35px;line-height:72px;\"><i class=\"bauerico-industry\"><\/i><\/span>\r\n\t\t\t<\/div> <h3 class=\"heading \" style=\"padding-left:85px;color:#727272;font-size:18px;margin-bottom:10px;font-family:Roboto;\">\r\n\t\t\t<span>Desenvolvimento Industrial<\/span>\r\n\t\t<\/h3><div class=\"desc\" style=\"padding-left:85px;font-weight:300;font-size:17px;line-height:25px;margin-bottom:10px;font-family:Roboto;\"><ul>\n<li>Avalia\u00e7\u00e3o do plano diretor municipal;<\/li>\n<li>Levantamento da infraestrutura, capacita\u00e7\u00e3o local, investimentos e incentivos;<\/li>\n<li>Identifica\u00e7\u00e3o das a\u00e7\u00f5es para o desenvolvimento industrial;<\/li>\n<li>Elabora\u00e7\u00e3o dos projetos para o desenvolvimento industrial;<\/li>\n<\/ul>\n<\/div> <\/div><\/div><\/div>\r\n\t<\/div>\r\n\t<div class=\"bauer-spacer clearfix\" data-desktop=\"45\" data-mobi=\"20\" data-smobi=\"20\"><\/div><div class=\"bauer-divider divider-center divider-solid\" style=\"border-width:1px;border-top-color:#727272;\"><\/div><div class=\"clearfix\"><\/div><\/div><\/div><\/div><\/div><\/div><\/section><\/div><div class=\"vc-custom-col-spacing clearfix vc-col-spacing-30\"><section class=\"wpb_row vc_row-fluid has-scroll-arrow vc_custom_1683847556435 vc_row-has-fill row-content-position-Default\"><div class=\"bauer-container\"><div class=\"row-inner clearfix\"><div class=\"wpb_column vc_column_container vc_col-sm-12\"><div class=\"vc_column-inner\"><div class=\"wpb_wrapper\">\r\n\t<div class=\"bauer-spacer clearfix\" data-desktop=\"40\" data-mobi=\"20\" data-smobi=\"20\"><\/div><h2 class=\"bauer-text clearfix text-center\" style=\"font-weight:300;font-size:42px;line-height:50px;color:#727272;margin-bottom:30px;max-width:750px;margin-left: auto; margin-right: auto;\"><p><span>Conhe\u00e7a outras<\/span><strong> solu\u00e7\u00f5es<\/strong><\/p>\n<\/h2>\r\n\t<div class=\"bauer-spacer clearfix\" data-desktop=\"40\" data-mobi=\"10\" data-smobi=\"10\"><\/div><div class=\"bauer-content-box clearfix\" ><div class=\"vc-custom-col-inner-spacing clearfix vc-col-inner-spacing-30\"><div class=\"wpb_row vc_inner vc_row-fluid\"><div class=\"wpb_column vc_column_container vc_col-sm-4\"><div class=\"vc_column-inner\"><div class=\"wpb_wrapper\"><div class=\"bauer-image-box clearfix style-2 text-center\" style=\"\" >\r\n        <div class=\"item\">\r\n            <div class=\"inner\">\r\n                <div class=\"thumb\" style=\"\"><img loading=\"lazy\" decoding=\"async\" width=\"450\" height=\"550\" src=\"https:\/\/www.dvf.com.br\/public\/wp-content\/uploads\/2023\/05\/aen-450x550-w.png\" class=\"attachment-full size-full\" alt=\"\" srcset=\"https:\/\/www.dvf.com.br\/public\/wp-content\/uploads\/2023\/05\/aen-450x550-w.png 450w, https:\/\/www.dvf.com.br\/public\/wp-content\/uploads\/2023\/05\/aen-450x550-w-245x300.png 245w\" sizes=\"auto, (max-width: 450px) 100vw, 450px\" \/> <\/div>\r\n                <div class=\"text-wrap \" style=\"\">\r\n                     <div class=\"desc\" style=\"font-weight:300;font-size:18px;line-height:23px;margin-bottom:27px;font-family:Roboto;\">Tem por objetivo o Planejamento Estrat\u00e9gico, Diagn\u00f3sticos Empresariais, e Assessoria Institucional.<\/div> <div class=\"url-wrap\">\r\n            <a href=\"https:\/\/www.dvf.com.br\/public\/aplicacao-estrategica-ao-negocio\/\" target=\"_self\" class=\"bauer-links link-style-2 accent\" style=\"\">\r\n                <span class=\"text\">Saiba mais<\/span>\r\n            <\/a>\r\n        <\/div>\r\n                <\/div>\r\n                \r\n            <\/div>\r\n        <\/div>\r\n    <\/div>\r\n\t<div class=\"bauer-spacer clearfix\" data-desktop=\"0\" data-mobi=\"30\" data-smobi=\"30\"><\/div><\/div><\/div><\/div><div class=\"wpb_column vc_column_container vc_col-sm-4\"><div class=\"vc_column-inner\"><div class=\"wpb_wrapper\"><div class=\"bauer-image-box clearfix style-2 text-center\" style=\"\" >\r\n        <div class=\"item\">\r\n            <div class=\"inner\">\r\n                <div class=\"thumb\" style=\"\"><img loading=\"lazy\" decoding=\"async\" width=\"450\" height=\"550\" src=\"https:\/\/www.dvf.com.br\/public\/wp-content\/uploads\/2023\/05\/pdf-home-450x550-w.png\" class=\"attachment-full size-full\" alt=\"\" srcset=\"https:\/\/www.dvf.com.br\/public\/wp-content\/uploads\/2023\/05\/pdf-home-450x550-w.png 450w, https:\/\/www.dvf.com.br\/public\/wp-content\/uploads\/2023\/05\/pdf-home-450x550-w-245x300.png 245w\" sizes=\"auto, (max-width: 450px) 100vw, 450px\" \/> <\/div>\r\n                <div class=\"text-wrap \" style=\"\">\r\n                     <div class=\"desc\" style=\"font-weight:300;font-size:18px;line-height:23px;margin-bottom:27px;font-family:Roboto;\">O principal objetivo do PDF \u00e9 acelerar o crescimento regional.<\/div> <div class=\"url-wrap\">\r\n            <a href=\"https:\/\/www.dvf.com.br\/public\/pdf-programa-de-desenvolvimento-de-fornecedores\/\" target=\"_self\" class=\"bauer-links link-style-2 accent\" style=\"\">\r\n                <span class=\"text\">Saiba mais<\/span>\r\n            <\/a>\r\n        <\/div>\r\n                <\/div>\r\n                \r\n            <\/div>\r\n        <\/div>\r\n    <\/div>\r\n\t<div class=\"bauer-spacer clearfix\" data-desktop=\"0\" data-mobi=\"30\" data-smobi=\"30\"><\/div><\/div><\/div><\/div><div class=\"wpb_column vc_column_container vc_col-sm-4\"><div class=\"vc_column-inner\"><div class=\"wpb_wrapper\"><div class=\"bauer-image-box clearfix style-2 text-center\" style=\"\" >\r\n        <div class=\"item\">\r\n            <div class=\"inner\">\r\n                <div class=\"thumb\" style=\"\"><img loading=\"lazy\" decoding=\"async\" width=\"450\" height=\"550\" src=\"https:\/\/www.dvf.com.br\/public\/wp-content\/uploads\/2023\/05\/procem-450x550-w.png\" class=\"attachment-full size-full\" alt=\"\" srcset=\"https:\/\/www.dvf.com.br\/public\/wp-content\/uploads\/2023\/05\/procem-450x550-w.png 450w, https:\/\/www.dvf.com.br\/public\/wp-content\/uploads\/2023\/05\/procem-450x550-w-245x300.png 245w\" sizes=\"auto, (max-width: 450px) 100vw, 450px\" \/> <\/div>\r\n                <div class=\"text-wrap \" style=\"\">\r\n                     <div class=\"desc\" style=\"font-weight:300;font-size:18px;line-height:23px;margin-bottom:27px;font-family:Roboto;\">O programa \u00e9 respons\u00e1vel pelo desenvolvimento sist\u00eamico e estruturado de uma gest\u00e3o profissional.<\/div> <div class=\"url-wrap\">\r\n            <a href=\"https:\/\/www.dvf.com.br\/public\/procem\/\" target=\"_self\" class=\"bauer-links link-style-2 accent\" style=\"\">\r\n                <span class=\"text\">Saiba mais<\/span>\r\n            <\/a>\r\n        <\/div>\r\n                <\/div>\r\n                \r\n            <\/div>\r\n        <\/div>\r\n    <\/div>\r\n\t<div class=\"bauer-spacer clearfix\" data-desktop=\"0\" data-mobi=\"30\" data-smobi=\"30\"><\/div><\/div><\/div><\/div><\/div><\/div><\/div>\r\n\t<div class=\"bauer-spacer clearfix\" data-desktop=\"100\" data-mobi=\"60\" data-smobi=\"60\"><\/div><\/div><\/div><\/div><\/div><\/div><\/section><\/div>\n<\/div>","protected":false},"excerpt":{"rendered":"Estrat\u00e9gias para o Desenvolvimento de Oportunidades de Neg\u00f3cios e Empregos Promover o crescimento econ\u00f4mico inclusivo e sustent\u00e1vel, o emprego pleno e produtivo e o trabalho digno para todos \u00e9 tarefa de institui\u00e7\u00f5es p\u00fablicas, da popula\u00e7\u00e3o local, de lideran\u00e7as empres\u00e1rias, de institui\u00e7\u00f5es de qualifica\u00e7\u00e3o e fomento e de grandes projetos em implanta\u00e7\u00e3o e opera\u00e7\u00e3o. Nesse sentido a DVF est\u00e1 preparada para: Desenvolvimento regional Identifica\u00e7\u00e3o dos investimentos e opera\u00e7\u00e3o industrial; Articula\u00e7\u00e3o com institui\u00e7\u00f5es p\u00fablicas, lideran\u00e7as empres\u00e1rias, de institui\u00e7\u00f5es de qualifica\u00e7\u00e3o e fomento; Constru\u00e7\u00e3o da inst\u00e2ncia de governan\u00e7a e coordena\u00e7\u00e3o das atividades; Elabora\u00e7\u00e3o e implanta\u00e7\u00e3o de a\u00e7\u00f5es coordenadas. Atra\u00e7\u00e3o de fornecedores e detentores de tecnologia Identifica\u00e7\u00e3o das oportunidades de fornecimento local; Levantamento de fornecedores especializados; Defini\u00e7\u00e3o e acompanhamento das solu\u00e7\u00f5es. Diversifica\u00e7\u00e3o econ\u00f4mica Levantamento das ofertas e demandas nas cadeias produtivas existentes; Avalia\u00e7\u00e3o dos potenciais neg\u00f3cios e empreendedores; Defini\u00e7\u00e3o de a\u00e7\u00f5es; Implanta\u00e7\u00e3o, acompanhamento e avalia\u00e7\u00e3o dos impactos. Desenvolvimento Industrial Avalia\u00e7\u00e3o do plano diretor municipal; Levantamento da infraestrutura, capacita\u00e7\u00e3o local, investimentos e incentivos; Identifica\u00e7\u00e3o das a\u00e7\u00f5es para o desenvolvimento industrial; Elabora\u00e7\u00e3o dos projetos para o desenvolvimento industrial; Conhe\u00e7a outras solu\u00e7\u00f5es Tem por objetivo o Planejamento","protected":false},"author":1,"featured_media":0,"parent":0,"menu_order":0,"comment_status":"closed","ping_status":"closed","template":"","meta":{"om_disable_all_campaigns":false,"_monsterinsights_skip_tracking":false,"_monsterinsights_sitenote_active":false,"_monsterinsights_sitenote_note":"","_monsterinsights_sitenote_category":0,"_uf_show_specific_survey":0,"_uf_disable_surveys":false,"footnotes":""},"class_list":["post-9538","page","type-page","status-publish","hentry"],"_links":{"self":[{"href":"https:\/\/www.dvf.com.br\/public\/wp-json\/wp\/v2\/pages\/9538","targetHints":{"allow":["GET"]}}],"collection":[{"href":"https:\/\/www.dvf.com.br\/public\/wp-json\/wp\/v2\/pages"}],"about":[{"href":"https:\/\/www.dvf.com.br\/public\/wp-json\/wp\/v2\/types\/page"}],"author":[{"embeddable":true,"href":"https:\/\/www.dvf.com.br\/public\/wp-json\/wp\/v2\/users\/1"}],"replies":[{"embeddable":true,"href":"https:\/\/www.dvf.com.br\/public\/wp-json\/wp\/v2\/comments?post=9538"}],"version-history":[{"count":24,"href":"https:\/\/www.dvf.com.br\/public\/wp-json\/wp\/v2\/pages\/9538\/revisions"}],"predecessor-version":[{"id":11206,"href":"https:\/\/www.dvf.com.br\/public\/wp-json\/wp\/v2\/pages\/9538\/revisions\/11206"}],"wp:attachment":[{"href":"https:\/\/www.dvf.com.br\/public\/wp-json\/wp\/v2\/media?parent=9538"}],"curies":[{"name":"wp","href":"https:\/\/api.w.org\/{rel}","templated":true}]}}