{"id":9543,"date":"2023-04-25T22:38:16","date_gmt":"2023-04-26T01:38:16","guid":{"rendered":"https:\/\/www.dvf.com.br\/public\/newsite\/?page_id=9543"},"modified":"2025-04-23T08:09:50","modified_gmt":"2025-04-23T11:09:50","slug":"aplicacao-estrategica-ao-negocio","status":"publish","type":"page","link":"https:\/\/www.dvf.com.br\/public\/aplicacao-estrategica-ao-negocio\/","title":{"rendered":"Aplica\u00e7\u00e3o Estrat\u00e9gica ao Neg\u00f3cio"},"content":{"rendered":"<div class=\"wpb-content-wrapper\"><div class=\"vc-custom-col-spacing clearfix vc-col-spacing-30\"><section class=\"wpb_row vc_row-fluid row-content-position-Default\"><div class=\"bauer-container\"><div class=\"row-inner clearfix\"><div class=\"wpb_column vc_column_container vc_col-sm-12\"><div class=\"vc_column-inner\"><div class=\"wpb_wrapper\">\n\t\t\t<!-- START slidecem REVOLUTION SLIDER 6.7.18 --><p class=\"rs-p-wp-fix\"><\/p>\n\t\t\t<rs-module-wrap id=\"rev_slider_9_1_wrapper\" data-source=\"gallery\" style=\"visibility:hidden;background:#212121;padding:0;margin:0px auto;margin-top:0;margin-bottom:0;background-image:url(https:\/\/enovathemes.com\/samatex\/wp-content\/uploads\/2018\/09\/slider_pattern_dark.png);background-repeat:repeat;background-size:normal;background-position:left top;\">\n\t\t\t\t<rs-module id=\"rev_slider_9_1\" class=\" rs-ov-hidden\" style=\"\" data-version=\"6.7.18\">\n\t\t\t\t\t<rs-slides style=\"overflow: hidden; position: absolute;\">\n\t\t\t\t\t\t<rs-slide style=\"position: absolute;\" data-key=\"rs-18\" data-title=\"Slide\" data-anim=\"adpr:false;ms:600;\" data-in=\"o:0;\" data-out=\"a:false;\">\n\t\t\t\t\t\t\t<img decoding=\"async\" src=\"\/\/www.dvf.com.br\/public\/wp-content\/plugins\/revslider\/sr6\/assets\/assets\/dummy.png\" alt=\"\" width=\"1920\" height=\"550\" class=\"rev-slidebg tp-rs-img rs-lazyload\" data-lazyload=\"\/\/www.dvf.com.br\/public\/wp-content\/uploads\/2023\/04\/bg-cem-1920x550-1.jpg\" data-panzoom=\"d:20000;ss:100;se:110;\" data-no-retina>\n<!--\n\t\t\t\t\t\t\t--><rs-layer\n\t\t\t\t\t\t\t\tid=\"slider-9-slide-18-layer-4\" \n\t\t\t\t\t\t\t\tdata-type=\"text\"\n\t\t\t\t\t\t\t\tdata-color=\"#fff\"\n\t\t\t\t\t\t\t\tdata-rsp_ch=\"on\"\n\t\t\t\t\t\t\t\tdata-xy=\"xo:50px,42px,31px,19px;y:m;yo:-14px,-11px,-8px,-5px;\"\n\t\t\t\t\t\t\t\tdata-text=\"s:59,55,50,45;l:59,55,50,45;ls:-3,-2,-1,0;fw:100;a:inherit;\"\n\t\t\t\t\t\t\t\tdata-dim=\"minh:0,none,none,none;\"\n\t\t\t\t\t\t\t\tdata-basealign=\"slide\"\n\t\t\t\t\t\t\t\tdata-frame_0=\"y:30px,25px,18px,11px;\"\n\t\t\t\t\t\t\t\tdata-frame_1=\"e:easeOutExpo;st:1150;sp:600;sR:1150;\"\n\t\t\t\t\t\t\t\tdata-frame_999=\"o:0;st:w;sR:7250;\"\n\t\t\t\t\t\t\t\tstyle=\"z-index:8;font-family:'Roboto';\"\n\t\t\t\t\t\t\t>Aplica\u00e7\u00e3o Estrat\u00e9gica<br \/>  ao Neg\u00f3cio\n\n<span class=\"font-weight-900\"><br \/><\/span>  \n\t\t\t\t\t\t\t<\/rs-layer><!--\n-->\t\t\t\t\t<\/rs-slide>\n\t\t\t\t\t<\/rs-slides>\n\t\t\t\t<\/rs-module>\n\t\t\t\t<script>\n\t\t\t\t\tsetREVStartSize({c: 'rev_slider_9_1',rl:[1240,1024,778,480],el:[320,360,480,480],gw:[1200, 1024,768,480],gh:[320,360,480,480],type:'standard',justify:'',layout:'fullwidth',mh:\"0\"});if (window.RS_MODULES!==undefined && window.RS_MODULES.modules!==undefined && window.RS_MODULES.modules[\"revslider91\"]!==undefined) {window.RS_MODULES.modules[\"revslider91\"].once = false;window.revapi9 = undefined;if (window.RS_MODULES.checkMinimal!==undefined) window.RS_MODULES.checkMinimal()}\n\t\t\t\t<\/script>\n\t\t\t<\/rs-module-wrap>\n\t\t\t<!-- END REVOLUTION SLIDER -->\n<\/div><\/div><\/div><\/div><\/div><\/section><\/div><div class=\"vc-custom-col-spacing clearfix vc-col-spacing-30\"><section class=\"wpb_row vc_row-fluid vc_custom_1682215344189 vc_row-has-fill row-content-position-Default\"><div class=\"bauer-container\"><div class=\"row-inner clearfix\"><div class=\"wpb_column vc_column_container vc_col-sm-12\"><div class=\"vc_column-inner\"><div class=\"wpb_wrapper\">\r\n\t<div class=\"bauer-spacer clearfix\" data-desktop=\"94\" data-mobi=\"60\" data-smobi=\"60\"><\/div><div class=\"bauer-content-box clearfix\" ><div class=\"vc-custom-col-inner-spacing clearfix vc-col-inner-spacing-30\"><div class=\"wpb_row vc_inner vc_row-fluid\"><div class=\"wpb_column vc_column_container vc_col-sm-4\"><div class=\"vc_column-inner\"><div class=\"wpb_wrapper\"><h2 class=\"bauer-text clearfix \" style=\"font-family:Roboto;font-weight:300;font-size:42px;line-height:50px;color:#727272;margin-bottom:30px;\"><p>\u201cOs caminhos que nos trouxeram at\u00e9 aqui n\u00e3o ser\u00e3o os mesmos que <strong>nos levar\u00e3o ao futuro<\/strong>&#8220;.<\/p>\n<\/h2><\/div><\/div><\/div><div class=\"wpb_column vc_column_container vc_col-sm-8\"><div class=\"vc_column-inner\"><div class=\"wpb_wrapper\"><div class=\"bauer-text clearfix \" style=\"font-family:Roboto;font-weight:300;font-size:20px;line-height:30px;color:#727272;margin-bottom:20px;max-width:750px;\"><p>Planejar e executar a estrat\u00e9gia em tempos de incertezas gera desafios e inseguran\u00e7a, comumente associados \u00e0:<\/p>\n<\/div><div class=\"bauer-text clearfix \" style=\"font-family:Roboto;font-weight:300;font-size:20px;line-height:30px;color:#727272;max-width:750px;\"><ul>\n<li>Necessidade de adapta\u00e7\u00e3o \u00e0s mudan\u00e7as e aplica\u00e7\u00e3o de energia e atividades n\u00e3o produtivas;<\/li>\n<\/ul>\n<\/div><div class=\"bauer-text clearfix \" style=\"font-family:Roboto;font-weight:300;font-size:20px;line-height:30px;color:#727272;max-width:750px;\"><ul>\n<li>Prioriza\u00e7\u00e3o de atividades do tipo urgente e falta de prepara\u00e7\u00e3o para lidar com as demandas emergentes;<\/li>\n<\/ul>\n<\/div><div class=\"bauer-text clearfix \" style=\"font-family:Roboto;font-weight:300;font-size:20px;line-height:30px;color:#727272;max-width:750px;\"><ul>\n<li>Falta de um modelo organizacional baseado em resultados, capaz de traduzir o prop\u00f3sito organizacional em estrat\u00e9gias, diretrizes e metas.<\/li>\n<\/ul>\n<\/div><\/div><\/div><\/div><\/div><\/div><\/div>\r\n\t<div class=\"bauer-spacer clearfix\" data-desktop=\"40\" data-mobi=\"20\" data-smobi=\"20\"><\/div><div class=\"bauer-divider divider-center divider-solid\" style=\"border-width:1px;border-top-color:#c2c2c2;\"><\/div><div class=\"clearfix\"><\/div><\/div><\/div><\/div><\/div><\/div><\/section><\/div><div class=\"vc-custom-col-spacing clearfix vc-col-spacing-30\"><section class=\"wpb_row vc_row-fluid has-scroll-arrow row-content-position-Default\"><div class=\"bauer-container\"><div class=\"row-inner clearfix\"><div class=\"wpb_column vc_column_container vc_col-sm-12\"><div class=\"vc_column-inner\"><div class=\"wpb_wrapper\">\r\n\t<div class=\"bauer-spacer clearfix\" data-desktop=\"94\" data-mobi=\"60\" data-smobi=\"60\"><\/div><h2 class=\"bauer-text clearfix text-center\" style=\"font-weight:300;font-size:42px;line-height:50px;color:#727272;margin-bottom:30px;max-width:750px;margin-left: auto; margin-right: auto;\"><p>As solu\u00e7\u00f5es da DVF para aplica\u00e7\u00e3o estrat\u00e9gica aos neg\u00f3cios foram desenvolvidas para:<\/p>\n<\/h2>\r\n\t<div class=\"bauer-spacer clearfix\" data-desktop=\"40\" data-mobi=\"10\" data-smobi=\"10\"><\/div><div class=\"bauer-content-box clearfix\" ><div class=\"vc-custom-col-inner-spacing clearfix vc-col-inner-spacing-30\"><div class=\"wpb_row vc_inner vc_row-fluid\"><div class=\"wpb_column vc_column_container vc_col-sm-12\"><div class=\"vc_column-inner\"><div class=\"wpb_wrapper\"><div class=\"bauer-step-box \"><div class=\"step-wrap clearfix\"><div class=\"number-box col-4\" style=\"\"><div class=\"text-item\"><div class=\"number\">1<\/div><div class=\"desc\" style=\"\">Orientar a cria\u00e7\u00e3o, o desenvolvimento e a gest\u00e3o de neg\u00f3cios, com a compreens\u00e3o das oportunidades e desafios, das tecnologias necess\u00e1rias e potenciais parceiros.<\/div><\/div><\/div><div class=\"number-box col-4\" style=\"\"><div class=\"text-item\"><div class=\"number\">2<\/div><div class=\"desc\" style=\"\">Construir uma vis\u00e3o clara do futuro desejado e das compet\u00eancias requeridas com o estabelecimento, execu\u00e7\u00e3o e acompanhamento de metas e objetivos.<\/div><\/div><\/div><div class=\"number-box col-4\" style=\"\"><div class=\"text-item\"><div class=\"number\">3<\/div><div class=\"desc\" style=\"\">Executar projetos para o desenvolvimento da ind\u00fastria de base, incluindo assessoria e conte\u00fado t\u00e9cnico, constru\u00e7\u00e3o de programa\u00e7\u00e3o de pautas de tecnologia e inova\u00e7\u00e3o.<\/div><\/div><\/div><div class=\"number-box col-4\" style=\"last\"><div class=\"text-item\"><div class=\"number\">4<\/div><div class=\"desc\" style=\"\">Desenolver a intelig\u00eancia comercial por meio da avalia\u00e7\u00e3o do comportamento do mercado e estabelecimento das vantagens competitivas sustent\u00e1veis.<\/div><\/div><\/div><\/div><\/div><\/div><\/div><\/div><\/div><\/div><\/div>\r\n\t<div class=\"bauer-spacer clearfix\" data-desktop=\"100\" data-mobi=\"60\" data-smobi=\"60\"><\/div><\/div><\/div><\/div><\/div><\/div><\/section><\/div><div class=\"vc-custom-col-spacing clearfix vc-col-spacing-30\"><section class=\"wpb_row vc_row-fluid has-scroll-arrow vc_custom_1683847556435 vc_row-has-fill row-content-position-Default\"><div class=\"bauer-container\"><div class=\"row-inner clearfix\"><div class=\"wpb_column vc_column_container vc_col-sm-12\"><div class=\"vc_column-inner\"><div class=\"wpb_wrapper\">\r\n\t<div class=\"bauer-spacer clearfix\" data-desktop=\"100\" data-mobi=\"60\" data-smobi=\"60\"><\/div><h2 class=\"bauer-text clearfix text-center\" style=\"font-weight:300;font-size:42px;line-height:50px;color:#727272;margin-bottom:30px;max-width:750px;margin-left: auto; margin-right: auto;\"><p><span>Conhe\u00e7a outras<\/span><strong> solu\u00e7\u00f5es<\/strong><\/p>\n<\/h2>\r\n\t<div class=\"bauer-spacer clearfix\" data-desktop=\"40\" data-mobi=\"10\" data-smobi=\"10\"><\/div><div class=\"bauer-content-box clearfix\" ><div class=\"vc-custom-col-inner-spacing clearfix vc-col-inner-spacing-30\"><div class=\"wpb_row vc_inner vc_row-fluid\"><div class=\"wpb_column vc_column_container vc_col-sm-4\"><div class=\"vc_column-inner\"><div class=\"wpb_wrapper\"><div class=\"bauer-image-box clearfix style-2 text-center\" style=\"\" >\r\n        <div class=\"item\">\r\n            <div class=\"inner\">\r\n                <div class=\"thumb\" style=\"\"><img loading=\"lazy\" decoding=\"async\" width=\"450\" height=\"550\" src=\"https:\/\/www.dvf.com.br\/public\/wp-content\/uploads\/2023\/05\/edone-450x550-w.png\" class=\"attachment-full size-full\" alt=\"\" srcset=\"https:\/\/www.dvf.com.br\/public\/wp-content\/uploads\/2023\/05\/edone-450x550-w.png 450w, https:\/\/www.dvf.com.br\/public\/wp-content\/uploads\/2023\/05\/edone-450x550-w-245x300.png 245w\" sizes=\"auto, (max-width: 450px) 100vw, 450px\" \/> <\/div>\r\n                <div class=\"text-wrap \" style=\"\">\r\n                     <div class=\"desc\" style=\"font-weight:300;font-size:18px;line-height:23px;margin-bottom:27px;font-family:Roboto;\">O programa faz uma an\u00e1lise da capacidade e potencial de fornecimento de uma regi\u00e3o, atrav\u00e9s de estudos socioecon\u00f4micos.<\/div> <div class=\"url-wrap\">\r\n            <a href=\"https:\/\/www.dvf.com.br\/public\/estrategicas-desenvolvimento-oportunidades\/\" target=\"_self\" class=\"bauer-links link-style-2 accent\" style=\"\">\r\n                <span class=\"text\">Saiba mais<\/span>\r\n            <\/a>\r\n        <\/div>\r\n                <\/div>\r\n                \r\n            <\/div>\r\n        <\/div>\r\n    <\/div>\r\n\t<div class=\"bauer-spacer clearfix\" data-desktop=\"0\" data-mobi=\"30\" data-smobi=\"30\"><\/div><\/div><\/div><\/div><div class=\"wpb_column vc_column_container vc_col-sm-4\"><div class=\"vc_column-inner\"><div class=\"wpb_wrapper\"><div class=\"bauer-image-box clearfix style-2 text-center\" style=\"\" >\r\n        <div class=\"item\">\r\n            <div class=\"inner\">\r\n                <div class=\"thumb\" style=\"\"><img loading=\"lazy\" decoding=\"async\" width=\"450\" height=\"550\" src=\"https:\/\/www.dvf.com.br\/public\/wp-content\/uploads\/2023\/05\/pdf-home-450x550-w.png\" class=\"attachment-full size-full\" alt=\"\" srcset=\"https:\/\/www.dvf.com.br\/public\/wp-content\/uploads\/2023\/05\/pdf-home-450x550-w.png 450w, https:\/\/www.dvf.com.br\/public\/wp-content\/uploads\/2023\/05\/pdf-home-450x550-w-245x300.png 245w\" sizes=\"auto, (max-width: 450px) 100vw, 450px\" \/> <\/div>\r\n                <div class=\"text-wrap \" style=\"\">\r\n                     <div class=\"desc\" style=\"font-weight:300;font-size:18px;line-height:23px;margin-bottom:27px;font-family:Roboto;\">O principal objetivo do PDF \u00e9 acelerar o crescimento regional.<\/div> <div class=\"url-wrap\">\r\n            <a href=\"https:\/\/www.dvf.com.br\/public\/pdf-programa-de-desenvolvimento-de-fornecedores\/\" target=\"_self\" class=\"bauer-links link-style-2 accent\" style=\"\">\r\n                <span class=\"text\">Saiba mais<\/span>\r\n            <\/a>\r\n        <\/div>\r\n                <\/div>\r\n                \r\n            <\/div>\r\n        <\/div>\r\n    <\/div>\r\n\t<div class=\"bauer-spacer clearfix\" data-desktop=\"0\" data-mobi=\"30\" data-smobi=\"30\"><\/div><\/div><\/div><\/div><div class=\"wpb_column vc_column_container vc_col-sm-4\"><div class=\"vc_column-inner\"><div class=\"wpb_wrapper\"><div class=\"bauer-image-box clearfix style-2 text-center\" style=\"\" >\r\n        <div class=\"item\">\r\n            <div class=\"inner\">\r\n                <div class=\"thumb\" style=\"\"><img loading=\"lazy\" decoding=\"async\" width=\"450\" height=\"550\" src=\"https:\/\/www.dvf.com.br\/public\/wp-content\/uploads\/2023\/05\/procem-450x550-w.png\" class=\"attachment-full size-full\" alt=\"\" srcset=\"https:\/\/www.dvf.com.br\/public\/wp-content\/uploads\/2023\/05\/procem-450x550-w.png 450w, https:\/\/www.dvf.com.br\/public\/wp-content\/uploads\/2023\/05\/procem-450x550-w-245x300.png 245w\" sizes=\"auto, (max-width: 450px) 100vw, 450px\" \/> <\/div>\r\n                <div class=\"text-wrap \" style=\"\">\r\n                     <div class=\"desc\" style=\"font-weight:300;font-size:18px;line-height:23px;margin-bottom:27px;font-family:Roboto;\">O programa \u00e9 respons\u00e1vel pelo desenvolvimento sist\u00eamico e estruturado de uma gest\u00e3o profissional.<\/div> <div class=\"url-wrap\">\r\n            <a href=\"https:\/\/www.dvf.com.br\/public\/procem\/\" target=\"_self\" class=\"bauer-links link-style-2 accent\" style=\"\">\r\n                <span class=\"text\">Saiba mais<\/span>\r\n            <\/a>\r\n        <\/div>\r\n                <\/div>\r\n                \r\n            <\/div>\r\n        <\/div>\r\n    <\/div><\/div><\/div><\/div><\/div><\/div><\/div>\r\n\t<div class=\"bauer-spacer clearfix\" data-desktop=\"100\" data-mobi=\"60\" data-smobi=\"60\"><\/div><\/div><\/div><\/div><\/div><\/div><\/section><\/div>\n<\/div>","protected":false},"excerpt":{"rendered":"Aplica\u00e7\u00e3o Estrat\u00e9gica ao Neg\u00f3cio \u201cOs caminhos que nos trouxeram at\u00e9 aqui n\u00e3o ser\u00e3o os mesmos que nos levar\u00e3o ao futuro\". Planejar e executar a estrat\u00e9gia em tempos de incertezas gera desafios e inseguran\u00e7a, comumente associados \u00e0: Necessidade de adapta\u00e7\u00e3o \u00e0s mudan\u00e7as e aplica\u00e7\u00e3o de energia e atividades n\u00e3o produtivas; Prioriza\u00e7\u00e3o de atividades do tipo urgente e falta de prepara\u00e7\u00e3o para lidar com as demandas emergentes; Falta de um modelo organizacional baseado em resultados, capaz de traduzir o prop\u00f3sito organizacional em estrat\u00e9gias, diretrizes e metas. As solu\u00e7\u00f5es da DVF para aplica\u00e7\u00e3o estrat\u00e9gica aos neg\u00f3cios foram desenvolvidas para: 1Orientar a cria\u00e7\u00e3o, o desenvolvimento e a gest\u00e3o de neg\u00f3cios, com a compreens\u00e3o das oportunidades e desafios, das tecnologias necess\u00e1rias e potenciais parceiros.2Construir uma vis\u00e3o clara do futuro desejado e das compet\u00eancias requeridas com o estabelecimento, execu\u00e7\u00e3o e acompanhamento de metas e objetivos.3Executar projetos para o desenvolvimento da ind\u00fastria de base, incluindo assessoria e conte\u00fado t\u00e9cnico, constru\u00e7\u00e3o de programa\u00e7\u00e3o de pautas de tecnologia e inova\u00e7\u00e3o.4Desenolver a intelig\u00eancia comercial por meio da avalia\u00e7\u00e3o do comportamento do mercado e estabelecimento das vantagens competitivas sustent\u00e1veis. Conhe\u00e7a outras","protected":false},"author":1,"featured_media":0,"parent":0,"menu_order":0,"comment_status":"closed","ping_status":"closed","template":"","meta":{"om_disable_all_campaigns":false,"_monsterinsights_skip_tracking":false,"_monsterinsights_sitenote_active":false,"_monsterinsights_sitenote_note":"","_monsterinsights_sitenote_category":0,"_uf_show_specific_survey":0,"_uf_disable_surveys":false,"footnotes":""},"class_list":["post-9543","page","type-page","status-publish","hentry"],"_links":{"self":[{"href":"https:\/\/www.dvf.com.br\/public\/wp-json\/wp\/v2\/pages\/9543","targetHints":{"allow":["GET"]}}],"collection":[{"href":"https:\/\/www.dvf.com.br\/public\/wp-json\/wp\/v2\/pages"}],"about":[{"href":"https:\/\/www.dvf.com.br\/public\/wp-json\/wp\/v2\/types\/page"}],"author":[{"embeddable":true,"href":"https:\/\/www.dvf.com.br\/public\/wp-json\/wp\/v2\/users\/1"}],"replies":[{"embeddable":true,"href":"https:\/\/www.dvf.com.br\/public\/wp-json\/wp\/v2\/comments?post=9543"}],"version-history":[{"count":24,"href":"https:\/\/www.dvf.com.br\/public\/wp-json\/wp\/v2\/pages\/9543\/revisions"}],"predecessor-version":[{"id":10835,"href":"https:\/\/www.dvf.com.br\/public\/wp-json\/wp\/v2\/pages\/9543\/revisions\/10835"}],"wp:attachment":[{"href":"https:\/\/www.dvf.com.br\/public\/wp-json\/wp\/v2\/media?parent=9543"}],"curies":[{"name":"wp","href":"https:\/\/api.w.org\/{rel}","templated":true}]}}