{"id":9981,"date":"2023-05-11T16:45:52","date_gmt":"2023-05-11T19:45:52","guid":{"rendered":"https:\/\/www.dvf.com.br\/public\/newsite\/?page_id=9981"},"modified":"2025-04-23T08:16:19","modified_gmt":"2025-04-23T11:16:19","slug":"procem","status":"publish","type":"page","link":"https:\/\/www.dvf.com.br\/public\/procem\/","title":{"rendered":"PROCEM &#8211; Programa de Certifica\u00e7\u00e3o de Empresas"},"content":{"rendered":"<div class=\"wpb-content-wrapper\"><div class=\"vc-custom-col-spacing clearfix vc-col-spacing-30\"><section class=\"wpb_row vc_row-fluid vc_custom_1682215344189 vc_row-has-fill row-content-position-Default\"><div class=\"bauer-container\"><div class=\"row-inner clearfix\"><div class=\"wpb_column vc_column_container vc_col-sm-12\"><div class=\"vc_column-inner\"><div class=\"wpb_wrapper\">\n\t\t\t<!-- START slideprocem REVOLUTION SLIDER 6.7.18 --><p class=\"rs-p-wp-fix\"><\/p>\n\t\t\t<rs-module-wrap id=\"rev_slider_10_1_wrapper\" data-source=\"gallery\" style=\"visibility:hidden;background:#212121;padding:0;margin:0px auto;margin-top:0;margin-bottom:0;background-image:url(https:\/\/enovathemes.com\/samatex\/wp-content\/uploads\/2018\/09\/slider_pattern_dark.png);background-repeat:repeat;background-size:normal;background-position:left top;\">\n\t\t\t\t<rs-module id=\"rev_slider_10_1\" class=\" rs-ov-hidden\" style=\"\" data-version=\"6.7.18\">\n\t\t\t\t\t<rs-slides style=\"overflow: hidden; position: absolute;\">\n\t\t\t\t\t\t<rs-slide style=\"position: absolute;\" data-key=\"rs-19\" data-title=\"Slide\" data-anim=\"adpr:false;ms:600;\" data-in=\"o:0;\" data-out=\"a:false;\">\n\t\t\t\t\t\t\t<img decoding=\"async\" src=\"\/\/www.dvf.com.br\/public\/wp-content\/plugins\/revslider\/sr6\/assets\/assets\/dummy.png\" alt=\"\" width=\"1920\" height=\"550\" class=\"rev-slidebg tp-rs-img rs-lazyload\" data-lazyload=\"\/\/www.dvf.com.br\/public\/wp-content\/uploads\/2023\/05\/bg-procem-1920x550-1.jpg\" data-panzoom=\"d:20000;ss:100;se:110;\" data-no-retina>\n<!--\n\t\t\t\t\t\t\t--><rs-layer\n\t\t\t\t\t\t\t\tid=\"slider-10-slide-19-layer-4\" \n\t\t\t\t\t\t\t\tdata-type=\"text\"\n\t\t\t\t\t\t\t\tdata-color=\"#fff\"\n\t\t\t\t\t\t\t\tdata-rsp_ch=\"on\"\n\t\t\t\t\t\t\t\tdata-xy=\"xo:50px,42px,31px,19px;y:m;yo:-14px,-11px,-8px,-5px;\"\n\t\t\t\t\t\t\t\tdata-text=\"s:59,55,50,45;l:53,55,50,45;ls:-3,-2,-1,0;fw:100;a:inherit;\"\n\t\t\t\t\t\t\t\tdata-dim=\"minh:0,none,none,none;\"\n\t\t\t\t\t\t\t\tdata-basealign=\"slide\"\n\t\t\t\t\t\t\t\tdata-frame_0=\"y:30px,25px,18px,11px;\"\n\t\t\t\t\t\t\t\tdata-frame_1=\"e:easeOutExpo;st:1150;sp:600;sR:1150;\"\n\t\t\t\t\t\t\t\tdata-frame_999=\"o:0;st:w;sR:7250;\"\n\t\t\t\t\t\t\t\tstyle=\"z-index:8;font-family:'Roboto';\"\n\t\t\t\t\t\t\t>PROCEM \u2013 Programa de <br \/> Certifica\u00e7\u00e3o Empresarial\n<span class=\"font-weight-900\"><br \/><\/span>  \n\t\t\t\t\t\t\t<\/rs-layer><!--\n-->\t\t\t\t\t<\/rs-slide>\n\t\t\t\t\t<\/rs-slides>\n\t\t\t\t<\/rs-module>\n\t\t\t\t<script>\n\t\t\t\t\tsetREVStartSize({c: 'rev_slider_10_1',rl:[1240,1024,778,480],el:[320,360,480,480],gw:[1200, 1024,768,480],gh:[320,360,480,480],type:'standard',justify:'',layout:'fullwidth',mh:\"0\"});if (window.RS_MODULES!==undefined && window.RS_MODULES.modules!==undefined && window.RS_MODULES.modules[\"revslider101\"]!==undefined) {window.RS_MODULES.modules[\"revslider101\"].once = false;window.revapi10 = undefined;if (window.RS_MODULES.checkMinimal!==undefined) window.RS_MODULES.checkMinimal()}\n\t\t\t\t<\/script>\n\t\t\t<\/rs-module-wrap>\n\t\t\t<!-- END REVOLUTION SLIDER -->\n<\/div><\/div><\/div><\/div><\/div><\/section><\/div><div class=\"vc-custom-col-spacing clearfix vc-col-spacing-30\"><section class=\"wpb_row vc_row-fluid vc_custom_1682215344189 vc_row-has-fill row-content-position-Default\"><div class=\"bauer-container\"><div class=\"row-inner clearfix\"><div class=\"wpb_column vc_column_container vc_col-sm-12\"><div class=\"vc_column-inner\"><div class=\"wpb_wrapper\">\r\n\t<div class=\"bauer-spacer clearfix\" data-desktop=\"94\" data-mobi=\"60\" data-smobi=\"60\"><\/div><div class=\"bauer-content-box clearfix\" ><div class=\"vc-custom-col-inner-spacing clearfix vc-col-inner-spacing-30\"><div class=\"wpb_row vc_inner vc_row-fluid\"><div class=\"wpb_column vc_column_container vc_col-sm-4\"><div class=\"vc_column-inner\"><div class=\"wpb_wrapper\"><h2 class=\"bauer-text clearfix \" style=\"font-family:Roboto;font-weight:300;font-size:42px;line-height:50px;color:#727272;margin-bottom:30px;\"><p><span>Ter <strong>compet\u00eancia<\/strong> para evitar que se importe <strong>produtos<\/strong> e <strong>servi\u00e7os<\/strong> de outras localidades.<\/span><\/p>\n<\/h2><\/div><\/div><\/div><div class=\"wpb_column vc_column_container vc_col-sm-8\"><div class=\"vc_column-inner\"><div class=\"wpb_wrapper\"><div class=\"bauer-text clearfix \" style=\"font-family:Roboto;font-weight:300;font-size:20px;line-height:30px;color:#727272;margin-bottom:20px;max-width:750px;\"><p>O potencial de crescimento dos estados e das regi\u00f5es brasileiras e a acelera\u00e7\u00e3o nas mudan\u00e7as gerenciais e tecnol\u00f3gicas tornou o ambiente de neg\u00f3cios mais complexo e conectado, exigindo das empresas a necessidade por fazer mais, melhor e a um custo mais competitivo.<\/p>\n<p>O PROCEM e\u0301 a solu\u00e7\u00e3o desenvolvida pela DVF que gera o alinhamento dos interesses e conduz a atua\u00e7\u00e3o de uma rede que articula gestores de empreendimentos industriais, lideran\u00e7as e especialistas por resultados em toda a cadeia de abastecimento, para apoiar a profissionaliza\u00e7\u00e3o das empresas de menor porte, difundir o conhecimento e alcan\u00e7ar resultados efetivos.<\/p>\n<\/div><\/div><\/div><\/div><\/div><\/div><\/div>\r\n\t<div class=\"bauer-spacer clearfix\" data-desktop=\"40\" data-mobi=\"20\" data-smobi=\"20\"><\/div><div class=\"bauer-divider divider-center divider-solid\" style=\"border-width:1px;border-top-color:#c2c2c2;\"><\/div><div class=\"clearfix\"><\/div>\r\n\t<div class=\"bauer-spacer clearfix\" data-desktop=\"100\" data-mobi=\"60\" data-smobi=\"60\"><\/div><\/div><\/div><\/div><\/div><\/div><\/section><\/div><div class=\"vc-custom-col-spacing clearfix vc-col-spacing-30\"><section class=\"wpb_row vc_row-fluid vc_custom_1685564833288 vc_row-has-fill row-content-position-middle\"><div class=\"bauer-container\"><div class=\"row-inner clearfix\"><div class=\"wpb_column vc_column_container vc_col-sm-6\"><div class=\"vc_column-inner\"><div class=\"wpb_wrapper\">\n\t<div  class=\"wpb_single_image wpb_content_element vc_align_left wpb_content_element\">\n\t\t\n\t\t<figure class=\"wpb_wrapper vc_figure\">\n\t\t\t<div class=\"vc_single_image-wrapper   vc_box_border_grey\"><img loading=\"lazy\" decoding=\"async\" width=\"1600\" height=\"1200\" src=\"https:\/\/www.dvf.com.br\/public\/wp-content\/uploads\/2023\/04\/teste-img-1600x1200-01.png\" class=\"vc_single_image-img attachment-full\" alt=\"\" title=\"teste-img-1600x1200-01\" srcset=\"https:\/\/www.dvf.com.br\/public\/wp-content\/uploads\/2023\/04\/teste-img-1600x1200-01.png 1600w, https:\/\/www.dvf.com.br\/public\/wp-content\/uploads\/2023\/04\/teste-img-1600x1200-01-300x225.png 300w, https:\/\/www.dvf.com.br\/public\/wp-content\/uploads\/2023\/04\/teste-img-1600x1200-01-1024x768.png 1024w, https:\/\/www.dvf.com.br\/public\/wp-content\/uploads\/2023\/04\/teste-img-1600x1200-01-768x576.png 768w, https:\/\/www.dvf.com.br\/public\/wp-content\/uploads\/2023\/04\/teste-img-1600x1200-01-1536x1152.png 1536w, https:\/\/www.dvf.com.br\/public\/wp-content\/uploads\/2023\/04\/teste-img-1600x1200-01-870x653.png 870w, https:\/\/www.dvf.com.br\/public\/wp-content\/uploads\/2023\/04\/teste-img-1600x1200-01-640x480.png 640w, https:\/\/www.dvf.com.br\/public\/wp-content\/uploads\/2023\/04\/teste-img-1600x1200-01-480x360.png 480w, https:\/\/www.dvf.com.br\/public\/wp-content\/uploads\/2023\/04\/teste-img-1600x1200-01-600x450.png 600w\" sizes=\"auto, (max-width: 1600px) 100vw, 1600px\" \/><\/div>\n\t\t<\/figure>\n\t<\/div>\n<\/div><\/div><\/div><div class=\"wpb_column vc_column_container vc_col-sm-6\"><div class=\"vc_column-inner\"><div class=\"wpb_wrapper\"><div class=\"bauer-text clearfix \" style=\"font-family:Roboto;font-weight:300;font-size:20px;line-height:30px;color:#727272;max-width:750px;\"><p>O programa est\u00e1 estruturado para:<\/p>\n<ul>\n<li>Preparar as empresas locais para realizar neg\u00f3cios com empreendimentos industriais;<\/li>\n<li>Aprimorar a gest\u00e3o empresarial, criando condi\u00e7\u00f5es de autonomia para a sustentabilidade;<\/li>\n<li>Manter atualizado o atendimento \u00e0 legisla\u00e7\u00e3o ambiental e normas de sa\u00fade e seguran\u00e7a;<\/li>\n<li>Ser customiz\u00e1vel \u00e0s demandas, requisitos e crit\u00e9rios de contrata\u00e7\u00e3o dos projetos industriais.<\/li>\n<\/ul>\n<\/div><\/div><\/div><\/div><\/div><\/div><\/section><\/div><div class=\"vc-custom-col-spacing clearfix vc-col-spacing-30\"><section class=\"wpb_row vc_row-fluid has-scroll-arrow vc_custom_1683847556435 vc_row-has-fill row-content-position-Default\"><div class=\"bauer-container\"><div class=\"row-inner clearfix\"><div class=\"wpb_column vc_column_container vc_col-sm-12\"><div class=\"vc_column-inner\"><div class=\"wpb_wrapper\">\r\n\t<div class=\"bauer-spacer clearfix\" data-desktop=\"94\" data-mobi=\"60\" data-smobi=\"60\"><\/div><h2 class=\"bauer-text clearfix text-center\" style=\"font-weight:300;font-size:42px;line-height:50px;color:#727272;margin-bottom:30px;max-width:750px;margin-left: auto; margin-right: auto;\"><p><span>Quais s\u00e3o os <\/span><strong>benef\u00edcios?<\/strong><\/p>\n<\/h2>\r\n\t<div class=\"bauer-spacer clearfix\" data-desktop=\"40\" data-mobi=\"10\" data-smobi=\"10\"><\/div><\/div><\/div><\/div><\/div><\/div><\/section><\/div><div class=\"vc-custom-col-spacing clearfix vc-col-spacing-30\"><section class=\"wpb_row vc_row-fluid has-scroll-arrow vc_custom_1683847556435 vc_row-has-fill row-content-position-Default\"><div class=\"bauer-container\"><div class=\"row-inner clearfix\"><div class=\"wpb_column vc_column_container vc_col-sm-3\"><div class=\"vc_column-inner\"><div class=\"wpb_wrapper\">\r\n\t<div class=\"bauer-spacer clearfix\" data-desktop=\"0\" data-mobi=\"0\" data-smobi=\"0\"><\/div><div class=\"bauer-icon-box clearfix icon-left align-left  simple\" style=\"\" ><div class=\"wrap-inner\" style=\"position: relative;\"><div class=\"bauer-icon icon-42838399 custom custom\"  data-icon=\"#c2d200\" data-background=\"\" data-border=\"#c2d200\" data-icon-hover=\"#ffffff\" data-background-hover=\"#c2d200\">\r\n\t\t\t\t<span class=\"icon\" style=\"font-size:30px;width:70px;height:70px;border-style:solid;border-width:1px;border-radius:35px;line-height:72px;\"><i class=\"elegant-icon_check\"><\/i><\/span>\r\n\t\t\t<\/div> <div class=\"desc\" style=\"padding-left:85px;font-weight:300;font-size:17px;line-height:25px;margin-bottom:10px;font-family:Roboto;\"><p>Melhoria na gest\u00e3o e profissionalismo;<\/p>\n<\/div> <\/div><\/div><\/div><\/div><\/div><div class=\"wpb_column vc_column_container vc_col-sm-3\"><div class=\"vc_column-inner\"><div class=\"wpb_wrapper\">\r\n\t<div class=\"bauer-spacer clearfix\" data-desktop=\"0\" data-mobi=\"0\" data-smobi=\"0\"><\/div><div class=\"bauer-icon-box clearfix icon-left align-left  simple\" style=\"\" ><div class=\"wrap-inner\" style=\"position: relative;\"><div class=\"bauer-icon icon-580200551 custom custom\"  data-icon=\"#c2d200\" data-background=\"\" data-border=\"#c2d200\" data-icon-hover=\"#ffffff\" data-background-hover=\"#c2d200\">\r\n\t\t\t\t<span class=\"icon\" style=\"font-size:30px;width:70px;height:70px;border-style:solid;border-width:1px;border-radius:35px;line-height:72px;\"><i class=\"elegant-icon_check\"><\/i><\/span>\r\n\t\t\t<\/div> <div class=\"desc\" style=\"padding-left:85px;font-weight:300;font-size:17px;line-height:25px;margin-bottom:10px;font-family:Roboto;\"><p>Amplia\u00e7\u00e3o da confian\u00e7a com os produtos e servi\u00e7os entregues;<\/p>\n<\/div> <\/div><\/div><\/div><\/div><\/div><div class=\"wpb_column vc_column_container vc_col-sm-3\"><div class=\"vc_column-inner\"><div class=\"wpb_wrapper\">\r\n\t<div class=\"bauer-spacer clearfix\" data-desktop=\"0\" data-mobi=\"0\" data-smobi=\"0\"><\/div><div class=\"bauer-icon-box clearfix icon-left align-left  simple\" style=\"\" ><div class=\"wrap-inner\" style=\"position: relative;\"><div class=\"bauer-icon icon-1266989723 custom custom\"  data-icon=\"#c2d200\" data-background=\"\" data-border=\"#c2d200\" data-icon-hover=\"#ffffff\" data-background-hover=\"#c2d200\">\r\n\t\t\t\t<span class=\"icon\" style=\"font-size:30px;width:70px;height:70px;border-style:solid;border-width:1px;border-radius:35px;line-height:72px;\"><i class=\"elegant-icon_check\"><\/i><\/span>\r\n\t\t\t<\/div> <div class=\"desc\" style=\"padding-left:85px;font-weight:300;font-size:17px;line-height:25px;margin-bottom:10px;font-family:Roboto;\"><p>Comprometimento com os altos padr\u00f5es e diferencia\u00e7\u00e3o no mercado;<\/p>\n<\/div> <\/div><\/div><\/div><\/div><\/div><div class=\"wpb_column vc_column_container vc_col-sm-3\"><div class=\"vc_column-inner\"><div class=\"wpb_wrapper\">\r\n\t<div class=\"bauer-spacer clearfix\" data-desktop=\"0\" data-mobi=\"0\" data-smobi=\"0\"><\/div><div class=\"bauer-icon-box clearfix icon-left align-left  simple\" style=\"\" ><div class=\"wrap-inner\" style=\"position: relative;\"><div class=\"bauer-icon icon-1198056687 custom custom\"  data-icon=\"#c2d200\" data-background=\"\" data-border=\"#c2d200\" data-icon-hover=\"#ffffff\" data-background-hover=\"#c2d200\">\r\n\t\t\t\t<span class=\"icon\" style=\"font-size:30px;width:70px;height:70px;border-style:solid;border-width:1px;border-radius:35px;line-height:72px;\"><i class=\"elegant-icon_check\"><\/i><\/span>\r\n\t\t\t<\/div> <div class=\"desc\" style=\"padding-left:85px;font-weight:300;font-size:17px;line-height:25px;margin-bottom:10px;font-family:Roboto;\"><p>Participa\u00e7\u00e3o, reconhecimento e prest\u00edgio com o desenvolvimento regional participativo.<\/p>\n<\/div> <\/div><\/div><\/div><\/div><\/div><\/div><\/div><\/section><\/div><div class=\"vc-custom-col-spacing clearfix vc-col-spacing-30\"><section class=\"wpb_row vc_row-fluid has-scroll-arrow vc_custom_1683847556435 vc_row-has-fill row-content-position-Default\"><div class=\"bauer-container\"><div class=\"row-inner clearfix\"><div class=\"wpb_column vc_column_container vc_col-sm-12\"><div class=\"vc_column-inner\"><div class=\"wpb_wrapper\">\r\n\t<div class=\"bauer-spacer clearfix\" data-desktop=\"50\" data-mobi=\"20\" data-smobi=\"20\"><\/div><\/div><\/div><\/div><\/div><\/div><\/section><\/div><div class=\"vc-custom-col-spacing clearfix vc-col-spacing-30\"><section class=\"wpb_row vc_row-fluid has-scroll-arrow row-content-position-Default\"><div class=\"bauer-container\"><div class=\"row-inner clearfix\"><div class=\"wpb_column vc_column_container vc_col-sm-12\"><div class=\"vc_column-inner\"><div class=\"wpb_wrapper\">\r\n\t<div class=\"bauer-spacer clearfix\" data-desktop=\"50\" data-mobi=\"30\" data-smobi=\"30\"><\/div><h2 class=\"bauer-text clearfix text-center\" style=\"font-weight:300;font-size:42px;line-height:50px;color:#727272;margin-bottom:30px;max-width:750px;margin-left: auto; margin-right: auto;\"><p><span>Como \u00e9<\/span> feito?<\/p>\n<\/h2><h2 class=\"bauer-text clearfix text-center\" style=\"font-weight:300;font-size:24px;line-height:30px;color:#727272;margin-bottom:30px;max-width:750px;margin-left: auto; margin-right: auto;\"><p>Por meio da identifica\u00e7\u00e3o de potenciais fornecedores locais, avalia\u00e7\u00e3o e acompanhamento da evolu\u00e7\u00e3o da gest\u00e3o das empresas em m\u00f3dulos:<\/p>\n<\/h2>\r\n\t<div class=\"bauer-spacer clearfix\" data-desktop=\"40\" data-mobi=\"10\" data-smobi=\"10\"><\/div><div class=\"bauer-content-box clearfix\" ><div class=\"vc-custom-col-inner-spacing clearfix vc-col-inner-spacing-30\"><div class=\"wpb_row vc_inner vc_row-fluid\"><div class=\"wpb_column vc_column_container vc_col-sm-12\"><div class=\"vc_column-inner\"><div class=\"wpb_wrapper\"><div class=\"bauer-step-box \"><div class=\"step-wrap clearfix\"><div class=\"number-box col-4\" style=\"\"><div class=\"text-item\"><div class=\"number\">1<\/div><h3 class=\"heading\" style=\"\">Qualidade \ne produtividade<\/h3><div class=\"desc\" style=\"\">Trata dos conceitos, implementa\u00e7\u00e3o de sistemas da qualidade, auditorias internas e externas e demais elementos que permitem a padroniza\u00e7\u00e3o baseada em requisitos.<\/div><\/div><\/div><div class=\"number-box col-4\" style=\"\"><div class=\"text-item\"><div class=\"number\">2<\/div><h3 class=\"heading\" style=\"\">Sa\u00fade, Seguran\u00e7a e Meio Ambiente<\/h3><div class=\"desc\" style=\"\">Trabalha a conscientiza\u00e7\u00e3o e a import\u00e2ncia das pr\u00e1ticas de prote\u00e7\u00e3o de seguran\u00e7a do trabalhador e preven\u00e7\u00e3o de riscos e o respeito ao meio ambiente.<\/div><\/div><\/div><div class=\"number-box col-4\" style=\"\"><div class=\"text-item\"><div class=\"number\">3<\/div><h3 class=\"heading\" style=\"\">Gest\u00e3o Cont\u00e1bil, Tribut\u00e1ria e Trabalhista<\/h3><div class=\"desc\" style=\"\">Controles financeiros e pr\u00e1ticas tribut\u00e1rias s\u00e3o os grandes aliados dos empres\u00e1rios dos pequenos neg\u00f3cios.<\/div><\/div><\/div><div class=\"number-box col-4\" style=\"last\"><div class=\"text-item\"><div class=\"number\">4<\/div><h3 class=\"heading\" style=\"\">Responsabilidade\nSocial<\/h3><div class=\"desc\" style=\"\">Trata dos temas relacionados \u00e0 \u00e9tica, lei geral de prote\u00e7\u00e3o de dados, campanhas e conduta empresarial.<\/div><\/div><\/div><\/div><\/div><\/div><\/div><\/div><\/div><\/div><\/div>\r\n\t<div class=\"bauer-spacer clearfix\" data-desktop=\"50\" data-mobi=\"30\" data-smobi=\"30\"><\/div><\/div><\/div><\/div><\/div><\/div><\/section><\/div><div class=\"vc-custom-col-spacing clearfix vc-col-spacing-30\"><section class=\"wpb_row vc_row-fluid has-scroll-arrow vc_custom_1683847556435 vc_row-has-fill row-content-position-Default\"><div class=\"bauer-container\"><div class=\"row-inner clearfix\"><div class=\"wpb_column vc_column_container vc_col-sm-12\"><div class=\"vc_column-inner\"><div class=\"wpb_wrapper\">\r\n\t<div class=\"bauer-spacer clearfix\" data-desktop=\"50\" data-mobi=\"30\" data-smobi=\"30\"><\/div><h2 class=\"bauer-text clearfix text-center\" style=\"font-weight:300;font-size:42px;line-height:50px;color:#727272;margin-bottom:30px;max-width:750px;margin-left: auto; margin-right: auto;\"><p><span>Conhe\u00e7a outras<\/span><strong> solu\u00e7\u00f5es<\/strong><\/p>\n<\/h2>\r\n\t<div class=\"bauer-spacer clearfix\" data-desktop=\"40\" data-mobi=\"10\" data-smobi=\"10\"><\/div><div class=\"bauer-content-box clearfix\" ><div class=\"vc-custom-col-inner-spacing clearfix vc-col-inner-spacing-30\"><div class=\"wpb_row vc_inner vc_row-fluid\"><div class=\"wpb_column vc_column_container vc_col-sm-4\"><div class=\"vc_column-inner\"><div class=\"wpb_wrapper\"><div class=\"bauer-image-box clearfix style-2 text-center\" style=\"\" >\r\n        <div class=\"item\">\r\n            <div class=\"inner\">\r\n                <div class=\"thumb\" style=\"\"><img loading=\"lazy\" decoding=\"async\" width=\"450\" height=\"550\" src=\"https:\/\/www.dvf.com.br\/public\/wp-content\/uploads\/2023\/05\/aen-450x550-w.png\" class=\"attachment-full size-full\" alt=\"\" srcset=\"https:\/\/www.dvf.com.br\/public\/wp-content\/uploads\/2023\/05\/aen-450x550-w.png 450w, https:\/\/www.dvf.com.br\/public\/wp-content\/uploads\/2023\/05\/aen-450x550-w-245x300.png 245w\" sizes=\"auto, (max-width: 450px) 100vw, 450px\" \/> <\/div>\r\n                <div class=\"text-wrap \" style=\"\">\r\n                     <div class=\"desc\" style=\"font-weight:300;font-size:18px;line-height:23px;margin-bottom:27px;font-family:Roboto;\">A Consultoria Empresarial prestada pela DVF Consultoria tem por objetivo o Planejamento Estrat\u00e9gico, Diagn\u00f3sticos Empresariais, e Assessoria Institucional.<\/div> <div class=\"url-wrap\">\r\n            <a href=\"https:\/\/www.dvf.com.br\/public\/aplicacao-estrategica-ao-negocio\/\" target=\"_self\" class=\"bauer-links link-style-2 accent\" style=\"\">\r\n                <span class=\"text\">Saiba mais<\/span>\r\n            <\/a>\r\n        <\/div>\r\n                <\/div>\r\n                \r\n            <\/div>\r\n        <\/div>\r\n    <\/div>\r\n\t<div class=\"bauer-spacer clearfix\" data-desktop=\"0\" data-mobi=\"30\" data-smobi=\"30\"><\/div><\/div><\/div><\/div><div class=\"wpb_column vc_column_container vc_col-sm-4\"><div class=\"vc_column-inner\"><div class=\"wpb_wrapper\"><div class=\"bauer-image-box clearfix style-2 text-center\" style=\"\" >\r\n        <div class=\"item\">\r\n            <div class=\"inner\">\r\n                <div class=\"thumb\" style=\"\"><img loading=\"lazy\" decoding=\"async\" width=\"450\" height=\"550\" src=\"https:\/\/www.dvf.com.br\/public\/wp-content\/uploads\/2023\/05\/edone-450x550-w.png\" class=\"attachment-full size-full\" alt=\"\" srcset=\"https:\/\/www.dvf.com.br\/public\/wp-content\/uploads\/2023\/05\/edone-450x550-w.png 450w, https:\/\/www.dvf.com.br\/public\/wp-content\/uploads\/2023\/05\/edone-450x550-w-245x300.png 245w\" sizes=\"auto, (max-width: 450px) 100vw, 450px\" \/> <\/div>\r\n                <div class=\"text-wrap \" style=\"\">\r\n                     <div class=\"desc\" style=\"font-weight:300;font-size:18px;line-height:23px;margin-bottom:27px;font-family:Roboto;\">Os ESR fazem uma an\u00e1lise da capacidade e potencial de fornecimento de uma regi\u00e3o, atrav\u00e9s de estudos socioecon\u00f4micos.<\/div> <div class=\"url-wrap\">\r\n            <a href=\"https:\/\/www.dvf.com.br\/public\/estrategicas-desenvolvimento-oportunidades\/\" target=\"_self\" class=\"bauer-links link-style-2 accent\" style=\"\">\r\n                <span class=\"text\">Saiba mais<\/span>\r\n            <\/a>\r\n        <\/div>\r\n                <\/div>\r\n                \r\n            <\/div>\r\n        <\/div>\r\n    <\/div>\r\n\t<div class=\"bauer-spacer clearfix\" data-desktop=\"0\" data-mobi=\"30\" data-smobi=\"30\"><\/div><\/div><\/div><\/div><div class=\"wpb_column vc_column_container vc_col-sm-4\"><div class=\"vc_column-inner\"><div class=\"wpb_wrapper\"><div class=\"bauer-image-box clearfix style-2 text-center\" style=\"\" >\r\n        <div class=\"item\">\r\n            <div class=\"inner\">\r\n                <div class=\"thumb\" style=\"\"><img loading=\"lazy\" decoding=\"async\" width=\"450\" height=\"550\" src=\"https:\/\/www.dvf.com.br\/public\/wp-content\/uploads\/2023\/05\/pdf-home-450x550-w.png\" class=\"attachment-full size-full\" alt=\"\" srcset=\"https:\/\/www.dvf.com.br\/public\/wp-content\/uploads\/2023\/05\/pdf-home-450x550-w.png 450w, https:\/\/www.dvf.com.br\/public\/wp-content\/uploads\/2023\/05\/pdf-home-450x550-w-245x300.png 245w\" sizes=\"auto, (max-width: 450px) 100vw, 450px\" \/> <\/div>\r\n                <div class=\"text-wrap \" style=\"\">\r\n                     <div class=\"desc\" style=\"font-weight:300;font-size:18px;line-height:23px;margin-bottom:27px;font-family:Roboto;\">O principal objetivo do PDF \u00e9 acelerar o crescimento regional.<\/div> <div class=\"url-wrap\">\r\n            <a href=\"https:\/\/www.dvf.com.br\/public\/pdf-programa-de-desenvolvimento-de-fornecedores\/\" target=\"_self\" class=\"bauer-links link-style-2 accent\" style=\"\">\r\n                <span class=\"text\">Saiba mais<\/span>\r\n            <\/a>\r\n        <\/div>\r\n                <\/div>\r\n                \r\n            <\/div>\r\n        <\/div>\r\n    <\/div>\r\n\t<div class=\"bauer-spacer clearfix\" data-desktop=\"0\" data-mobi=\"30\" data-smobi=\"30\"><\/div><\/div><\/div><\/div><\/div><\/div><\/div>\r\n\t<div class=\"bauer-spacer clearfix\" data-desktop=\"100\" data-mobi=\"60\" data-smobi=\"60\"><\/div><\/div><\/div><\/div><\/div><\/div><\/section><\/div>\n<\/div>","protected":false},"excerpt":{"rendered":"PROCEM \u2013 Programa de Certifica\u00e7\u00e3o Empresarial Ter compet\u00eancia para evitar que se importe produtos e servi\u00e7os de outras localidades. O potencial de crescimento dos estados e das regi\u00f5es brasileiras e a acelera\u00e7\u00e3o nas mudan\u00e7as gerenciais e tecnol\u00f3gicas tornou o ambiente de neg\u00f3cios mais complexo e conectado, exigindo das empresas a necessidade por fazer mais, melhor e a um custo mais competitivo. O PROCEM e\u0301 a solu\u00e7\u00e3o desenvolvida pela DVF que gera o alinhamento dos interesses e conduz a atua\u00e7\u00e3o de uma rede que articula gestores de empreendimentos industriais, lideran\u00e7as e especialistas por resultados em toda a cadeia de abastecimento, para apoiar a profissionaliza\u00e7\u00e3o das empresas de menor porte, difundir o conhecimento e alcan\u00e7ar resultados efetivos. O programa est\u00e1 estruturado para: Preparar as empresas locais para realizar neg\u00f3cios com empreendimentos industriais; Aprimorar a gest\u00e3o empresarial, criando condi\u00e7\u00f5es de autonomia para a sustentabilidade; Manter atualizado o atendimento \u00e0 legisla\u00e7\u00e3o ambiental e normas de sa\u00fade e seguran\u00e7a; Ser customiz\u00e1vel \u00e0s demandas, requisitos e crit\u00e9rios de contrata\u00e7\u00e3o dos projetos industriais. Quais s\u00e3o os benef\u00edcios? Melhoria na gest\u00e3o e profissionalismo; Amplia\u00e7\u00e3o da confian\u00e7a com os","protected":false},"author":1,"featured_media":0,"parent":0,"menu_order":0,"comment_status":"closed","ping_status":"closed","template":"","meta":{"om_disable_all_campaigns":false,"_monsterinsights_skip_tracking":false,"_monsterinsights_sitenote_active":false,"_monsterinsights_sitenote_note":"","_monsterinsights_sitenote_category":0,"_uf_show_specific_survey":0,"_uf_disable_surveys":false,"footnotes":""},"class_list":["post-9981","page","type-page","status-publish","hentry"],"_links":{"self":[{"href":"https:\/\/www.dvf.com.br\/public\/wp-json\/wp\/v2\/pages\/9981","targetHints":{"allow":["GET"]}}],"collection":[{"href":"https:\/\/www.dvf.com.br\/public\/wp-json\/wp\/v2\/pages"}],"about":[{"href":"https:\/\/www.dvf.com.br\/public\/wp-json\/wp\/v2\/types\/page"}],"author":[{"embeddable":true,"href":"https:\/\/www.dvf.com.br\/public\/wp-json\/wp\/v2\/users\/1"}],"replies":[{"embeddable":true,"href":"https:\/\/www.dvf.com.br\/public\/wp-json\/wp\/v2\/comments?post=9981"}],"version-history":[{"count":29,"href":"https:\/\/www.dvf.com.br\/public\/wp-json\/wp\/v2\/pages\/9981\/revisions"}],"predecessor-version":[{"id":11176,"href":"https:\/\/www.dvf.com.br\/public\/wp-json\/wp\/v2\/pages\/9981\/revisions\/11176"}],"wp:attachment":[{"href":"https:\/\/www.dvf.com.br\/public\/wp-json\/wp\/v2\/media?parent=9981"}],"curies":[{"name":"wp","href":"https:\/\/api.w.org\/{rel}","templated":true}]}}